{"id":1069,"date":"2019-12-05T11:59:31","date_gmt":"2019-12-05T10:59:31","guid":{"rendered":"https:\/\/mosaicorefugees.org\/dona-ora\/"},"modified":"2025-11-17T13:05:07","modified_gmt":"2025-11-17T12:05:07","slug":"dona-ora","status":"publish","type":"page","link":"https:\/\/mosaicorefugees.org\/fr\/dona-ora\/","title":{"rendered":"Faire un don"},"content":{"rendered":"\t\t<div data-elementor-type=\"wp-page\" data-elementor-id=\"1069\" class=\"elementor elementor-1069 elementor-1016\" data-elementor-post-type=\"page\">\n\t\t\t\t<div class=\"elementor-element elementor-element-4cb80795 e-flex e-con-boxed e-con e-parent\" data-id=\"4cb80795\" data-element_type=\"container\" data-e-type=\"container\">\n\t\t\t\t\t<div class=\"e-con-inner\">\n\t\t\t\t<div class=\"elementor-element elementor-element-4916425 elementor-widget elementor-widget-text-editor\" data-id=\"4916425\" data-element_type=\"widget\" data-e-type=\"widget\" data-widget_type=\"text-editor.default\">\n\t\t\t\t\t\t\t\t\t<p>Mosaico vit aussi gr\u00e2ce \u00e0 l&rsquo;aide de femmes et d&rsquo;hommes qui croient en la promotion des droits de l&rsquo;homme et au soutien des r\u00e9fugi\u00e9s, travaillant en r\u00e9seau avec les r\u00e9alit\u00e9s qui op\u00e8rent dans la r\u00e9gion.<\/p>\t\t\t\t\t\t\t\t<\/div>\n\t\t\t\t\t<\/div>\n\t\t\t\t<\/div>\n\t\t<div class=\"elementor-element elementor-element-c11f4e3 e-grid e-con-boxed e-con e-parent\" data-id=\"c11f4e3\" data-element_type=\"container\" data-e-type=\"container\">\n\t\t\t\t\t<div class=\"e-con-inner\">\n\t\t<div class=\"elementor-element elementor-element-d3e323c e-con-full e-flex e-con e-child\" data-id=\"d3e323c\" data-element_type=\"container\" data-e-type=\"container\" data-settings=\"{&quot;background_background&quot;:&quot;classic&quot;}\">\n\t\t\t\t<div class=\"elementor-element elementor-element-9b01a6a elementor-widget elementor-widget-heading\" data-id=\"9b01a6a\" data-element_type=\"widget\" data-e-type=\"widget\" data-widget_type=\"heading.default\">\n\t\t\t\t\t<h2 class=\"elementor-heading-title elementor-size-default\">Faites un don<\/h2>\t\t\t\t<\/div>\n\t\t\t\t<div class=\"elementor-element elementor-element-45d041f elementor-widget elementor-widget-button\" data-id=\"45d041f\" data-element_type=\"widget\" data-e-type=\"widget\" data-widget_type=\"button.default\">\n\t\t\t\t\t\t\t\t\t\t<a class=\"elementor-button elementor-button-link elementor-size-sm\" href=\"https:\/\/www.satispay.com\/download\/qrcode\/S6Y-SHP--E059D981-30BE-4740-B1FF-F27522E2043B\" target=\"_blank\" rel=\"noopener\">\n\t\t\t\t\t\t<span class=\"elementor-button-content-wrapper\">\n\t\t\t\t\t\t\t\t\t<span class=\"elementor-button-text\">Faire un don avec Satispay<\/span>\n\t\t\t\t\t<\/span>\n\t\t\t\t\t<\/a>\n\t\t\t\t\t\t\t\t<\/div>\n\t\t\t\t<div class=\"elementor-element elementor-element-ad24e92 elementor-widget elementor-widget-text-editor\" data-id=\"ad24e92\" data-element_type=\"widget\" data-e-type=\"widget\" data-widget_type=\"text-editor.default\">\n\t\t\t\t\t\t\t\t\t<p>Ou par <strong>virement bancaire :<\/strong><\/p><p><strong>IBAN <\/strong>IT44J0306909606100000006211<strong><br>Banca Intesa San Paolo<\/strong><\/p>\t\t\t\t\t\t\t\t<\/div>\n\t\t\t\t<\/div>\n\t\t<div class=\"elementor-element elementor-element-2817142 e-con-full e-flex e-con e-child\" data-id=\"2817142\" data-element_type=\"container\" data-e-type=\"container\" data-settings=\"{&quot;background_background&quot;:&quot;classic&quot;}\">\n\t\t\t\t<div class=\"elementor-element elementor-element-e4f705d elementor-widget elementor-widget-heading\" data-id=\"e4f705d\" data-element_type=\"widget\" data-e-type=\"widget\" data-widget_type=\"heading.default\">\n\t\t\t\t\t<h2 class=\"elementor-heading-title elementor-size-default\">Faites un don de 5x1000  <\/h2>\t\t\t\t<\/div>\n\t\t\t\t<div class=\"elementor-element elementor-element-8d6282f elementor-widget elementor-widget-text-editor\" data-id=\"8d6282f\" data-element_type=\"widget\" data-e-type=\"widget\" data-widget_type=\"text-editor.default\">\n\t\t\t\t\t\t\t\t\t<div class=\"wpb_text_column wpb_content_element \"><div class=\"wpb_wrapper\"><p><strong>Votre d\u00e9claration compte !<\/strong><\/p><p>C&rsquo;est simple : il suffit de signer la case \u00ab\u00a0Soutien aux organisations du troisi\u00e8me secteur&#8230;\u00a0\u00bb sur votre formulaire de d\u00e9claration d&rsquo;imp\u00f4ts et d&rsquo;indiquer votre code fiscal :<\/p><\/div><\/div><div class=\"wpb_text_column wpb_content_element \"><div class=\"wpb_wrapper\"><p><strong>97683220012<br> Mosa\u00efque<em>&#8211; Actions pour les r\u00e9fugi\u00e9s<\/em><\/strong><\/p><\/div><\/div>\t\t\t\t\t\t\t\t<\/div>\n\t\t\t\t<\/div>\n\t\t<div class=\"elementor-element elementor-element-356a5eb e-con-full e-flex e-con e-child\" data-id=\"356a5eb\" data-element_type=\"container\" data-e-type=\"container\" data-settings=\"{&quot;background_background&quot;:&quot;classic&quot;}\">\n\t\t\t\t<div class=\"elementor-element elementor-element-37ecdfe elementor-widget elementor-widget-heading\" data-id=\"37ecdfe\" data-element_type=\"widget\" data-e-type=\"widget\" data-widget_type=\"heading.default\">\n\t\t\t\t\t<h2 class=\"elementor-heading-title elementor-size-default\">SOUTIEN SUR GOFUNDME<\/h2>\t\t\t\t<\/div>\n\t\t\t\t<div class=\"elementor-element elementor-element-28554f9 elementor-widget elementor-widget-text-editor\" data-id=\"28554f9\" data-element_type=\"widget\" data-e-type=\"widget\" data-widget_type=\"text-editor.default\">\n\t\t\t\t\t\t\t\t\t<p><strong>Voici notre campagne,<\/strong> les fonds r\u00e9colt\u00e9s nous aideront \u00e0 couvrir les frais d&rsquo;organisation de la Semaine internationale des droits, de l&rsquo;environnement et des cultures, qui se tiendra du 17 au 22 juin \u00e0 Turin.<\/p>\t\t\t\t\t\t\t\t<\/div>\n\t\t\t\t<div class=\"elementor-element elementor-element-8c315c5 elementor-widget elementor-widget-button\" data-id=\"8c315c5\" data-element_type=\"widget\" data-e-type=\"widget\" data-widget_type=\"button.default\">\n\t\t\t\t\t\t\t\t\t\t<a class=\"elementor-button elementor-button-link elementor-size-sm\" href=\"https:\/\/gofund.me\/c39a5edf\" target=\"_blank\" rel=\"noopener\">\n\t\t\t\t\t\t<span class=\"elementor-button-content-wrapper\">\n\t\t\t\t\t\t\t\t\t<span class=\"elementor-button-text\">Soutien sur GoFundMe<\/span>\n\t\t\t\t\t<\/span>\n\t\t\t\t\t<\/a>\n\t\t\t\t\t\t\t\t<\/div>\n\t\t\t\t<\/div>\n\t\t\t\t\t<\/div>\n\t\t\t\t<\/div>\n\t\t\t\t<\/div>\n\t\t","protected":false},"excerpt":{"rendered":"<p>Par ce geste, vous nous aiderez \u00e0 p\u00e9renniser nos activit\u00e9s et \u00e0 soutenir de nouveaux projets \u00e0 r\u00e9aliser ensemble.<\/p>\n","protected":false},"author":1,"featured_media":0,"parent":0,"menu_order":0,"comment_status":"closed","ping_status":"closed","template":"","meta":{"footnotes":""},"class_list":["post-1069","page","type-page","status-publish","hentry"],"_links":{"self":[{"href":"https:\/\/mosaicorefugees.org\/fr\/wp-json\/wp\/v2\/pages\/1069","targetHints":{"allow":["GET"]}}],"collection":[{"href":"https:\/\/mosaicorefugees.org\/fr\/wp-json\/wp\/v2\/pages"}],"about":[{"href":"https:\/\/mosaicorefugees.org\/fr\/wp-json\/wp\/v2\/types\/page"}],"author":[{"embeddable":true,"href":"https:\/\/mosaicorefugees.org\/fr\/wp-json\/wp\/v2\/users\/1"}],"replies":[{"embeddable":true,"href":"https:\/\/mosaicorefugees.org\/fr\/wp-json\/wp\/v2\/comments?post=1069"}],"version-history":[{"count":22,"href":"https:\/\/mosaicorefugees.org\/fr\/wp-json\/wp\/v2\/pages\/1069\/revisions"}],"predecessor-version":[{"id":4461,"href":"https:\/\/mosaicorefugees.org\/fr\/wp-json\/wp\/v2\/pages\/1069\/revisions\/4461"}],"wp:attachment":[{"href":"https:\/\/mosaicorefugees.org\/fr\/wp-json\/wp\/v2\/media?parent=1069"}],"curies":[{"name":"wp","href":"https:\/\/api.w.org\/{rel}","templated":true}]}}