{"id":1610,"date":"2020-04-20T15:23:20","date_gmt":"2020-04-20T13:23:20","guid":{"rendered":"https:\/\/mosaicorefugees.org\/training-kit\/"},"modified":"2025-11-03T15:08:55","modified_gmt":"2025-11-03T14:08:55","slug":"training-kit","status":"publish","type":"page","link":"https:\/\/mosaicorefugees.org\/fr\/projets\/training-kit\/","title":{"rendered":"Kit d&rsquo;organisation pour les r\u00e9fugi\u00e9s"},"content":{"rendered":"\t\t<div data-elementor-type=\"wp-page\" data-elementor-id=\"1610\" class=\"elementor elementor-1610 elementor-1600\" data-elementor-post-type=\"page\">\n\t\t\t\t<div class=\"elementor-element elementor-element-7e0d0b83 e-flex e-con-boxed e-con e-parent\" data-id=\"7e0d0b83\" data-element_type=\"container\" data-e-type=\"container\">\n\t\t\t\t\t<div class=\"e-con-inner\">\n\t\t\t\t<div class=\"elementor-element elementor-element-913599e elementor-widget elementor-widget-text-editor\" data-id=\"913599e\" data-element_type=\"widget\" data-e-type=\"widget\" data-widget_type=\"text-editor.default\">\n\t\t\t\t\t\t\t\t\t<p>Les <strong>organisations communautaires dirig\u00e9es par des r\u00e9fugi\u00e9s (RCO)<\/strong> jouent un r\u00f4le crucial dans la soci\u00e9t\u00e9, comme le d\u00e9montrent de nombreuses \u00e9tudes. Les organisations communautaires dirig\u00e9es par des r\u00e9fugi\u00e9s fournissent <strong>un soutien de liaison<\/strong> aux r\u00e9fugi\u00e9s nouvellement arriv\u00e9s : <\/p><ul><li>faciliter une int\u00e9gration plus rapide en offrant des informations de base sur les proc\u00e9dures et la vie quotidienne,<\/li><li>Ils proposent des cours de langue et une orientation culturelle, soutiennent les r\u00e9fugi\u00e9s qui souhaitent contribuer aux soci\u00e9t\u00e9s perdues et, d&rsquo;une mani\u00e8re g\u00e9n\u00e9rale, participent au processus de normalisation qui fait d&rsquo;une communaut\u00e9 d&rsquo;accueil un foyer,<\/li><li>Ils encouragent \u00e9galement l&rsquo;implication dans la communaut\u00e9 au sens large et consid\u00e8rent que leur r\u00f4le est d&rsquo;unir et de renforcer la communaut\u00e9, de promouvoir sa culture, sa foi et sa langue, d&rsquo;instaurer la confiance et de cr\u00e9er une communaut\u00e9 active et saine.<\/li><\/ul><h2>R\u00e9fugi\u00e9s et OCR<\/h2><p>De nombreux r\u00e9fugi\u00e9s souhaitent cr\u00e9er diff\u00e9rentes formes d&rsquo;organisations, avec diff\u00e9rentes missions, mais se heurtent \u00e0 un certain nombre d&rsquo;obstacles qui emp\u00eachent souvent la mise en place active d&rsquo;<strong>organisations fortes et efficaces.<\/strong> Si l&rsquo;Europe veut \u00e9voluer vers des lois et des politiques plus inclusives, respectueuses des droits et de la dignit\u00e9, tant \u00e0 l&rsquo;int\u00e9rieur qu&rsquo;\u00e0 l&rsquo;ext\u00e9rieur, les r\u00e9fugi\u00e9s doivent \u00eatre \u00e9lev\u00e9s au rang de partenaires et d&rsquo;activistes \u00e9gaux par le biais d&rsquo;<strong>organisations communautaires organis\u00e9es (formelles ou informelles)<\/strong> et le r\u00f4le des organisations de protection civile (RCO) doit \u00eatre identifi\u00e9 comme l&rsquo;un des principaux interlocuteurs entre les r\u00e9fugi\u00e9s et les communaut\u00e9s d&rsquo;accueil.<\/p><h2>Le projet<\/h2><p>L&rsquo;<strong>objectif principal de<\/strong> ce projet est donc de voir une nette <strong>am\u00e9lioration de<\/strong> la qualit\u00e9 de la jouissance des droits de l&rsquo;homme par les r\u00e9fugi\u00e9s et repose sur l&rsquo;id\u00e9e de soutenir l&rsquo;inclusion active des communaut\u00e9s marginalis\u00e9es, vuln\u00e9rables ou exclues. Ainsi, le projet vise \u00e0 <strong>renforcer l&rsquo;inclusion des r\u00e9fugi\u00e9s<\/strong> en soutenant l&rsquo;autonomisation de ceux qui souhaitent jouer un r\u00f4le actif dans leurs communaut\u00e9s et au niveau europ\u00e9en. <\/p><p>Dans le cadre de ce projet, les <strong>besoins, les forces et les tendances des communaut\u00e9s seront identifi\u00e9s<\/strong> et nous chercherons \u00e0 produire un programme de formation qui r\u00e9pondra \u00e0 ces d\u00e9fis et fournira des comp\u00e9tences avanc\u00e9es pour les surmonter. Une partie de notre projet consistera en un programme de formation visant \u00e0 soutenir la mobilisation des r\u00e9fugi\u00e9s en communaut\u00e9s organis\u00e9es et efficaces, actives dans divers domaines, tels que le soutien par les pairs, la fourniture d&rsquo;informations ou d&rsquo;autres services communautaires, le plaidoyer aupr\u00e8s des parties prenantes du gouvernement national pour porter la voix des groupes exclus \u00e0 l&rsquo;attention des d\u00e9cideurs politiques, l&rsquo;implication dans la sensibilisation du public, et le dialogue direct avec les communaut\u00e9s qui les repr\u00e9sentent. <\/p><h3>Kit de formation pour l&rsquo;autonomisation des organisations communautaires dirig\u00e9es par des r\u00e9fugi\u00e9s<\/h3><p>Il s&rsquo;agira du kit de formation, notre produit final qui abordera les d\u00e9fis auxquels les r\u00e9fugi\u00e9s sont confront\u00e9s pour s&rsquo;int\u00e9grer efficacement dans les pays d&rsquo;accueil. Le <strong>kit de formation<\/strong> contiendra du contenu destin\u00e9 aux <strong>OCR<\/strong> souhaitant \u00eatre actifs au niveau national, ainsi que du contenu de formation destin\u00e9 aux OCR souhaitant \u00eatre actifs au niveau europ\u00e9en, et sera donc accessible au public et largement diffus\u00e9 par l&rsquo;interm\u00e9diaire des r\u00e9seaux de partenaires. <\/p><p>Gr\u00e2ce \u00e0 une combinaison de <strong>consultations communautaires, de recherches documentaires et \u00e0 la synergie de l&rsquo;expertise transnationale<\/strong>, le projet s&rsquo;appuiera sur une compr\u00e9hension approfondie des besoins et des forces des organisations de r\u00e9fugi\u00e9s et des communaut\u00e9s de r\u00e9fugi\u00e9s, cherchant \u00e0 combler les lacunes en mati\u00e8re de comp\u00e9tences et de connaissances qui emp\u00eachent les organisations de r\u00e9fugi\u00e9s d&rsquo;\u00eatre des partenaires efficaces en mati\u00e8re de plaidoyer au niveau national et europ\u00e9en.<\/p><p><strong>Pour plus d&rsquo;informations, visitez le <a href=\"https:\/\/aditus.org.mt\/our-work\/projects\/training-kit-for-empowering-refugee-led-community-organisations\/\" target=\"_blank\" rel=\"noopener\">site web<\/a>.<\/strong><\/p>\t\t\t\t\t\t\t\t<\/div>\n\t\t\t\t\t<\/div>\n\t\t\t\t<\/div>\n\t\t\t\t<\/div>\n\t\t","protected":false},"excerpt":{"rendered":"<p>Les organisations communautaires dirig\u00e9es par des r\u00e9fugi\u00e9s (RCO) jouent un r\u00f4le crucial dans la soci\u00e9t\u00e9, comme le d\u00e9montrent de nombreuses \u00e9tudes. Les organisations communautaires dirig\u00e9es par des r\u00e9fugi\u00e9s fournissent un soutien de liaison aux r\u00e9fugi\u00e9s nouvellement arriv\u00e9s : faciliter une int\u00e9gration plus rapide en offrant des informations de base sur les proc\u00e9dures et la vie [&hellip;]<\/p>\n","protected":false},"author":1,"featured_media":0,"parent":598,"menu_order":0,"comment_status":"closed","ping_status":"closed","template":"","meta":{"footnotes":""},"class_list":["post-1610","page","type-page","status-publish","hentry"],"_links":{"self":[{"href":"https:\/\/mosaicorefugees.org\/fr\/wp-json\/wp\/v2\/pages\/1610","targetHints":{"allow":["GET"]}}],"collection":[{"href":"https:\/\/mosaicorefugees.org\/fr\/wp-json\/wp\/v2\/pages"}],"about":[{"href":"https:\/\/mosaicorefugees.org\/fr\/wp-json\/wp\/v2\/types\/page"}],"author":[{"embeddable":true,"href":"https:\/\/mosaicorefugees.org\/fr\/wp-json\/wp\/v2\/users\/1"}],"replies":[{"embeddable":true,"href":"https:\/\/mosaicorefugees.org\/fr\/wp-json\/wp\/v2\/comments?post=1610"}],"version-history":[{"count":9,"href":"https:\/\/mosaicorefugees.org\/fr\/wp-json\/wp\/v2\/pages\/1610\/revisions"}],"predecessor-version":[{"id":3860,"href":"https:\/\/mosaicorefugees.org\/fr\/wp-json\/wp\/v2\/pages\/1610\/revisions\/3860"}],"up":[{"embeddable":true,"href":"https:\/\/mosaicorefugees.org\/fr\/wp-json\/wp\/v2\/pages\/598"}],"wp:attachment":[{"href":"https:\/\/mosaicorefugees.org\/fr\/wp-json\/wp\/v2\/media?parent=1610"}],"curies":[{"name":"wp","href":"https:\/\/api.w.org\/{rel}","templated":true}]}}