{"id":3934,"date":"2022-12-23T12:53:00","date_gmt":"2022-12-23T11:53:00","guid":{"rendered":"https:\/\/mosaicorefugees.org\/projets\/soutien-aux-victimes-dabus\/"},"modified":"2025-11-03T15:13:26","modified_gmt":"2025-11-03T14:13:26","slug":"soutien-aux-victimes-dabus","status":"publish","type":"page","link":"https:\/\/mosaicorefugees.org\/fr\/projets\/soutien-aux-victimes-dabus\/","title":{"rendered":"Soutien aux victimes d&rsquo;abus"},"content":{"rendered":"\t\t<div data-elementor-type=\"wp-page\" data-elementor-id=\"3934\" class=\"elementor elementor-3934 elementor-2364\" data-elementor-post-type=\"page\">\n\t\t\t\t<div class=\"elementor-element elementor-element-c10345e e-flex e-con-boxed e-con e-parent\" data-id=\"c10345e\" data-element_type=\"container\" data-e-type=\"container\">\n\t\t\t\t\t<div class=\"e-con-inner\">\n\t\t<div class=\"elementor-element elementor-element-e480762 e-con-full e-flex e-con e-child\" data-id=\"e480762\" data-element_type=\"container\" data-e-type=\"container\">\n\t\t\t\t<div class=\"elementor-element elementor-element-46976fe elementor-widget elementor-widget-heading\" data-id=\"46976fe\" data-element_type=\"widget\" data-e-type=\"widget\" data-widget_type=\"heading.default\">\n\t\t\t\t\t<span class=\"elementor-heading-title elementor-size-default\">Avez-vous \u00e9t\u00e9 victime d'un abus sexuel ? Signalez-le ! <\/span>\t\t\t\t<\/div>\n\t\t\t\t<div class=\"elementor-element elementor-element-b33d281 elementor-widget elementor-widget-text-editor\" data-id=\"b33d281\" data-element_type=\"widget\" data-e-type=\"widget\" data-widget_type=\"text-editor.default\">\n\t\t\t\t\t\t\t\t\t<p>Les <strong>signalements<\/strong> d&rsquo;<strong>exploitation et d&rsquo;abus sexuels (SAS)<\/strong> sont pris tr\u00e8s au s\u00e9rieux. Nous les examinerons de mani\u00e8re ind\u00e9pendante et confidentielle et prendrons des mesures pour \u00e9viter qu&rsquo;ils ne se reproduisent. <\/p><h2>Comment cela fonctionne-t-il ?<\/h2><ul><li>Signalez l&rsquo;incident : vous serez entendu\u0259 et vous ferez l&rsquo;objet d&rsquo;un suivi imm\u00e9diat.<\/li><li>Votre s\u00e9curit\u00e9 est prioritaire lorsque vous d\u00e9cidez de faire un signalement.<\/li><li>Votre interlocuteur pourra vous aider et vous conseiller.<\/li><li>Des enqu\u00eates ind\u00e9pendantes seront men\u00e9es et des mesures seront prises \u00e0 l&rsquo;encontre de la personne accus\u00e9e si elle est reconnue coupable.<\/li><\/ul><h2>Prenez contact avec nous<\/h2><p><strong>Bureau de l&rsquo;inspecteur g\u00e9n\u00e9ral (IGO)<\/strong><br>(+39) <a href=\"tel:329.448.9249\">329.448.9249<\/a><br><a href=\"mailto:psea.focalpoint@mosaicorefugees.org\">psea.focalpoint@mosaicorefugees.org<\/a><\/p>\t\t\t\t\t\t\t\t<\/div>\n\t\t\t\t<\/div>\n\t\t<div class=\"elementor-element elementor-element-3e47b46 e-con-full e-flex e-con e-child\" data-id=\"3e47b46\" data-element_type=\"container\" data-e-type=\"container\">\n\t\t\t\t<div class=\"elementor-element elementor-element-032804a elementor-widget elementor-widget-image\" data-id=\"032804a\" data-element_type=\"widget\" data-e-type=\"widget\" data-widget_type=\"image.default\">\n\t\t\t\t\t\t\t\t\t\t\t\t\t\t\t<img fetchpriority=\"high\" decoding=\"async\" width=\"800\" height=\"450\" src=\"https:\/\/mosaicorefugees.org\/wp-content\/uploads\/2022\/12\/Cop-per-sito-1024x576.jpg\" class=\"attachment-large size-large wp-image-2362\" alt=\"\" srcset=\"https:\/\/mosaicorefugees.org\/wp-content\/uploads\/2022\/12\/Cop-per-sito-1024x576.jpg 1024w, https:\/\/mosaicorefugees.org\/wp-content\/uploads\/2022\/12\/Cop-per-sito-300x169.jpg 300w, https:\/\/mosaicorefugees.org\/wp-content\/uploads\/2022\/12\/Cop-per-sito-768x432.jpg 768w, https:\/\/mosaicorefugees.org\/wp-content\/uploads\/2022\/12\/Cop-per-sito-700x394.jpg 700w, https:\/\/mosaicorefugees.org\/wp-content\/uploads\/2022\/12\/Cop-per-sito-539x303.jpg 539w, https:\/\/mosaicorefugees.org\/wp-content\/uploads\/2022\/12\/Cop-per-sito.jpg 1366w\" sizes=\"(max-width: 800px) 100vw, 800px\" \/>\t\t\t\t\t\t\t\t\t\t\t\t\t\t\t<\/div>\n\t\t\t\t<\/div>\n\t\t\t\t\t<\/div>\n\t\t\t\t<\/div>\n\t\t<div class=\"elementor-element elementor-element-77174d1d e-flex e-con-boxed e-con e-parent\" data-id=\"77174d1d\" data-element_type=\"container\" data-e-type=\"container\">\n\t\t\t\t\t<div class=\"e-con-inner\">\n\t\t\t\t\t<\/div>\n\t\t\t\t<\/div>\n\t\t\t\t<\/div>\n\t\t","protected":false},"excerpt":{"rendered":"<p>Si vous avez \u00e9t\u00e9 victime d&rsquo;une exploitation ou d&rsquo;un abus sexuel (SAS), signalez-le par l&rsquo;interm\u00e9diaire de ce service : nous serons \u00e0 vos c\u00f4t\u00e9s et prendrons toutes les mesures n\u00e9cessaires, en accordant la priorit\u00e9 \u00e0 votre s\u00e9curit\u00e9 et \u00e0 votre protection.<\/p>\n","protected":false},"author":2,"featured_media":2362,"parent":598,"menu_order":0,"comment_status":"closed","ping_status":"closed","template":"","meta":{"footnotes":""},"class_list":["post-3934","page","type-page","status-publish","has-post-thumbnail","hentry"],"_links":{"self":[{"href":"https:\/\/mosaicorefugees.org\/fr\/wp-json\/wp\/v2\/pages\/3934","targetHints":{"allow":["GET"]}}],"collection":[{"href":"https:\/\/mosaicorefugees.org\/fr\/wp-json\/wp\/v2\/pages"}],"about":[{"href":"https:\/\/mosaicorefugees.org\/fr\/wp-json\/wp\/v2\/types\/page"}],"author":[{"embeddable":true,"href":"https:\/\/mosaicorefugees.org\/fr\/wp-json\/wp\/v2\/users\/2"}],"replies":[{"embeddable":true,"href":"https:\/\/mosaicorefugees.org\/fr\/wp-json\/wp\/v2\/comments?post=3934"}],"version-history":[{"count":1,"href":"https:\/\/mosaicorefugees.org\/fr\/wp-json\/wp\/v2\/pages\/3934\/revisions"}],"predecessor-version":[{"id":3936,"href":"https:\/\/mosaicorefugees.org\/fr\/wp-json\/wp\/v2\/pages\/3934\/revisions\/3936"}],"up":[{"embeddable":true,"href":"https:\/\/mosaicorefugees.org\/fr\/wp-json\/wp\/v2\/pages\/598"}],"wp:featuredmedia":[{"embeddable":true,"href":"https:\/\/mosaicorefugees.org\/fr\/wp-json\/wp\/v2\/media\/2362"}],"wp:attachment":[{"href":"https:\/\/mosaicorefugees.org\/fr\/wp-json\/wp\/v2\/media?parent=3934"}],"curies":[{"name":"wp","href":"https:\/\/api.w.org\/{rel}","templated":true}]}}