{"id":3951,"date":"2024-05-10T17:22:35","date_gmt":"2024-05-10T15:22:35","guid":{"rendered":"https:\/\/mosaicorefugees.org\/projets\/turin-mediaction\/"},"modified":"2025-11-14T15:09:35","modified_gmt":"2025-11-14T14:09:35","slug":"turin-mediaction","status":"publish","type":"page","link":"https:\/\/mosaicorefugees.org\/fr\/projets\/turin-mediaction\/","title":{"rendered":"Turin mediAction"},"content":{"rendered":"\t\t<div data-elementor-type=\"wp-page\" data-elementor-id=\"3951\" class=\"elementor elementor-3951 elementor-2556\" data-elementor-post-type=\"page\">\n\t\t\t\t<div class=\"elementor-element elementor-element-60ea6ef8 e-flex e-con-boxed e-con e-parent\" data-id=\"60ea6ef8\" data-element_type=\"container\" data-e-type=\"container\">\n\t\t\t\t\t<div class=\"e-con-inner\">\n\t\t\t\t<div class=\"elementor-element elementor-element-36548bf elementor-widget elementor-widget-text-editor\" data-id=\"36548bf\" data-element_type=\"widget\" data-e-type=\"widget\" data-widget_type=\"text-editor.default\">\n\t\t\t\t\t\t\t\t\t<div class=\"wpb_text_column wpb_content_element \">Le projet \u00ab\u00a0Turin M\u00e9diation\u00a0\u00bb a \u00e9t\u00e9 cr\u00e9\u00e9 dans le but de mettre en \u0153uvre des activit\u00e9s de m\u00e9diation sociale \u00e0 plusieurs niveaux, permettant aux personnes qui se trouvent dans une situation de besoin ou de vuln\u00e9rabilit\u00e9 d&rsquo;obtenir un soutien et un accompagnement dans leur connaissance des informations et des services offerts par le territoire.<\/div>\t\t\t\t\t\t\t\t<\/div>\n\t\t\t\t\t<\/div>\n\t\t\t\t<\/div>\n\t\t<div class=\"elementor-element elementor-element-ba340d3 e-flex e-con-boxed e-con e-parent\" data-id=\"ba340d3\" data-element_type=\"container\" data-e-type=\"container\">\n\t\t\t\t\t<div class=\"e-con-inner\">\n\t\t\t\t<div class=\"elementor-element elementor-element-7b5add2 elementor-widget elementor-widget-gallery\" data-id=\"7b5add2\" data-element_type=\"widget\" data-e-type=\"widget\" data-settings=\"{&quot;columns&quot;:3,&quot;lazyload&quot;:&quot;yes&quot;,&quot;gallery_layout&quot;:&quot;grid&quot;,&quot;columns_tablet&quot;:2,&quot;columns_mobile&quot;:1,&quot;gap&quot;:{&quot;unit&quot;:&quot;px&quot;,&quot;size&quot;:10,&quot;sizes&quot;:[]},&quot;gap_tablet&quot;:{&quot;unit&quot;:&quot;px&quot;,&quot;size&quot;:10,&quot;sizes&quot;:[]},&quot;gap_mobile&quot;:{&quot;unit&quot;:&quot;px&quot;,&quot;size&quot;:10,&quot;sizes&quot;:[]},&quot;link_to&quot;:&quot;file&quot;,&quot;aspect_ratio&quot;:&quot;3:2&quot;,&quot;overlay_background&quot;:&quot;yes&quot;,&quot;content_hover_animation&quot;:&quot;fade-in&quot;}\" data-widget_type=\"gallery.default\">\n\t\t\t\t\t\t\t<div class=\"elementor-gallery__container\">\n\t\t\t\t\t\t\t<a class=\"e-gallery-item elementor-gallery-item elementor-animated-content\" href=\"https:\/\/mosaicorefugees.org\/wp-content\/uploads\/2024\/05\/Foto-percorsi-di-autonomia-copia-scaled.jpg\" data-elementor-open-lightbox=\"yes\" data-elementor-lightbox-slideshow=\"7b5add2\" data-elementor-lightbox-title=\"Foto percorsi di autonomia copia\" data-e-action-hash=\"#elementor-action%3Aaction%3Dlightbox%26settings%3DeyJpZCI6MjYxMCwidXJsIjoiaHR0cHM6XC9cL21vc2FpY29yZWZ1Z2Vlcy5vcmdcL3dwLWNvbnRlbnRcL3VwbG9hZHNcLzIwMjRcLzA1XC9Gb3RvLXBlcmNvcnNpLWRpLWF1dG9ub21pYS1jb3BpYS1zY2FsZWQuanBnIiwic2xpZGVzaG93IjoiN2I1YWRkMiJ9\">\n\t\t\t\t\t<div class=\"e-gallery-image elementor-gallery-item__image\" data-thumbnail=\"https:\/\/mosaicorefugees.org\/wp-content\/uploads\/2024\/05\/Foto-percorsi-di-autonomia-copia-1024x768.jpg\" data-width=\"800\" data-height=\"600\" aria-label=\"\" role=\"img\" ><\/div>\n\t\t\t\t\t\t\t\t\t\t\t<div class=\"elementor-gallery-item__overlay\"><\/div>\n\t\t\t\t\t\t\t\t\t\t\t\t\t\t<\/a>\n\t\t\t\t\t\t\t<a class=\"e-gallery-item elementor-gallery-item elementor-animated-content\" href=\"https:\/\/mosaicorefugees.org\/wp-content\/uploads\/2024\/05\/IMG_7938-copia-scaled.jpg\" data-elementor-open-lightbox=\"yes\" data-elementor-lightbox-slideshow=\"7b5add2\" data-elementor-lightbox-title=\"IMG_7938 copia\" data-e-action-hash=\"#elementor-action%3Aaction%3Dlightbox%26settings%3DeyJpZCI6MjYxNSwidXJsIjoiaHR0cHM6XC9cL21vc2FpY29yZWZ1Z2Vlcy5vcmdcL3dwLWNvbnRlbnRcL3VwbG9hZHNcLzIwMjRcLzA1XC9JTUdfNzkzOC1jb3BpYS1zY2FsZWQuanBnIiwic2xpZGVzaG93IjoiN2I1YWRkMiJ9\">\n\t\t\t\t\t<div class=\"e-gallery-image elementor-gallery-item__image\" data-thumbnail=\"https:\/\/mosaicorefugees.org\/wp-content\/uploads\/2024\/05\/IMG_7938-copia-1024x768.jpg\" data-width=\"800\" data-height=\"600\" aria-label=\"\" role=\"img\" ><\/div>\n\t\t\t\t\t\t\t\t\t\t\t<div class=\"elementor-gallery-item__overlay\"><\/div>\n\t\t\t\t\t\t\t\t\t\t\t\t\t\t<\/a>\n\t\t\t\t\t\t\t<a class=\"e-gallery-item elementor-gallery-item elementor-animated-content\" href=\"https:\/\/mosaicorefugees.org\/wp-content\/uploads\/2024\/05\/IMG_8007-copia-scaled.jpg\" data-elementor-open-lightbox=\"yes\" data-elementor-lightbox-slideshow=\"7b5add2\" data-elementor-lightbox-title=\"IMG_8007 copia\" data-e-action-hash=\"#elementor-action%3Aaction%3Dlightbox%26settings%3DeyJpZCI6MjYxOSwidXJsIjoiaHR0cHM6XC9cL21vc2FpY29yZWZ1Z2Vlcy5vcmdcL3dwLWNvbnRlbnRcL3VwbG9hZHNcLzIwMjRcLzA1XC9JTUdfODAwNy1jb3BpYS1zY2FsZWQuanBnIiwic2xpZGVzaG93IjoiN2I1YWRkMiJ9\">\n\t\t\t\t\t<div class=\"e-gallery-image elementor-gallery-item__image\" data-thumbnail=\"https:\/\/mosaicorefugees.org\/wp-content\/uploads\/2024\/05\/IMG_8007-copia-768x1024.jpg\" data-width=\"768\" data-height=\"1024\" aria-label=\"\" role=\"img\" ><\/div>\n\t\t\t\t\t\t\t\t\t\t\t<div class=\"elementor-gallery-item__overlay\"><\/div>\n\t\t\t\t\t\t\t\t\t\t\t\t\t\t<\/a>\n\t\t\t\t\t<\/div>\n\t\t\t\t\t<\/div>\n\t\t\t\t<div class=\"elementor-element elementor-element-9748bf2 elementor-widget elementor-widget-heading\" data-id=\"9748bf2\" data-element_type=\"widget\" data-e-type=\"widget\" data-widget_type=\"heading.default\">\n\t\t\t\t\t<h2 class=\"elementor-heading-title elementor-size-default\">Les activit\u00e9s du projet ont d\u00e9velopp\u00e9<\/h2>\t\t\t\t<\/div>\n\t\t\t\t\t<\/div>\n\t\t\t\t<\/div>\n\t\t<div class=\"elementor-element elementor-element-adda50a e-grid e-con-boxed e-con e-parent\" data-id=\"adda50a\" data-element_type=\"container\" data-e-type=\"container\">\n\t\t\t\t\t<div class=\"e-con-inner\">\n\t\t<div class=\"elementor-element elementor-element-dc9d29d e-con-full e-flex e-con e-child\" data-id=\"dc9d29d\" data-element_type=\"container\" data-e-type=\"container\">\n\t\t\t\t<div class=\"elementor-element elementor-element-5606956 elementor-widget elementor-widget-text-editor\" data-id=\"5606956\" data-element_type=\"widget\" data-e-type=\"widget\" data-widget_type=\"text-editor.default\">\n\t\t\t\t\t\t\t\t\t<h3>1. SENSIBILISATION, AVEC M\u00c9DIATION DE RUE<\/h3><p>L&rsquo;<strong>\u00e9quipe de m\u00e9diateurs sociaux de rue<\/strong> s&rsquo;est relay\u00e9e jour et nuit dans des zones critiques de la ville, notamment la gare de Porta Palazzo-Aurora, Porta Nuova-San Salvario et la gare routi\u00e8re de Porta Susa. Gr\u00e2ce au projet, il a \u00e9t\u00e9 possible de <strong>renforcer le travail de proximit\u00e9 dans la rue<\/strong>, qui est essentiel pour atteindre les personnes qui, bien que se trouvant dans une situation de pr\u00e9carit\u00e9 sociale et de logement, ne se tourneraient pas d&rsquo;elles-m\u00eames vers les services offerts par ce projet. L&rsquo;activit\u00e9 \u00e9tait donc une<strong>action d&rsquo;externalisation<\/strong> et de <strong>soutien<\/strong> aux situations de fragilit\u00e9, dans une optique de pr\u00e9vention des conflits.  <\/p>\t\t\t\t\t\t\t\t<\/div>\n\t\t\t\t<\/div>\n\t\t<div class=\"elementor-element elementor-element-e43f9c3 e-con-full e-flex e-con e-child\" data-id=\"e43f9c3\" data-element_type=\"container\" data-e-type=\"container\">\n\t\t\t\t<div class=\"elementor-element elementor-element-8d0a717 elementor-widget elementor-widget-text-editor\" data-id=\"8d0a717\" data-element_type=\"widget\" data-e-type=\"widget\" data-widget_type=\"text-editor.default\">\n\t\t\t\t\t\t\t\t\t<h3>2. LA CR\u00c9ATION D&rsquo;ESPACES DE M\u00c9DIATION G\u00c9N\u00c9RALIS\u00c9S<\/h3><p>Gr\u00e2ce au projet, des <strong>espaces de m\u00e9diation g\u00e9n\u00e9ralis\u00e9e<\/strong> ont \u00e9t\u00e9 mis en place dans deux maisons de quartier <strong>, Cecchi Point<\/strong> et <strong>San Salvario<\/strong>, en coop\u00e9ration avec <strong>Educadora Onlus<\/strong> et l&rsquo;<strong>Agence de d\u00e9veloppement local de San Salvario<\/strong>, respectivement. Les guichets sociaux sont en fait des centres d&rsquo;\u00e9coute et de soutien actifs pour la communaut\u00e9, favorisant la construction et le renforcement des liens sociaux. Un m\u00e9diateur social de Mosaico a contribu\u00e9 \u00e0 la mise en \u0153uvre des activit\u00e9s, en partageant avec la Case del Quartiere la m\u00e9thodologie de la m\u00e9diation sociale.    <\/p>\t\t\t\t\t\t\t\t<\/div>\n\t\t\t\t<\/div>\n\t\t<div class=\"elementor-element elementor-element-ce78528 e-con-full e-flex e-con e-child\" data-id=\"ce78528\" data-element_type=\"container\" data-e-type=\"container\">\n\t\t\t\t<div class=\"elementor-element elementor-element-cc33b1c elementor-widget elementor-widget-text-editor\" data-id=\"cc33b1c\" data-element_type=\"widget\" data-e-type=\"widget\" data-widget_type=\"text-editor.default\">\n\t\t\t\t\t\t\t\t\t<h3>3. CONCEVOIR DES PARCOURS D&rsquo;AUTONOMIE<\/h3><p>Les parcours individualis\u00e9s ont favoris\u00e9 le renforcement de l&rsquo;inclusion active dans les parcours d&rsquo;autonomie \u00e0 long terme. Par exemple, dans l&rsquo;acc\u00e8s aux bureaux administratifs, un outil fondamental pour pr\u00e9venir la marginalit\u00e9 sociale, afin de permettre l&rsquo;accomplissement correct des devoirs de citoyennet\u00e9. Parmi les b\u00e9n\u00e9ficiaires, une attention particuli\u00e8re a \u00e9t\u00e9 accord\u00e9e aux sans-abri en situation de marginalit\u00e9 sociale, aux m\u00e9nages migrants monoparentaux et aux r\u00e9fugi\u00e9s.  <\/p>\t\t\t\t\t\t\t\t<\/div>\n\t\t\t\t<\/div>\n\t\t<div class=\"elementor-element elementor-element-753f3b8 e-con-full e-flex e-con e-child\" data-id=\"753f3b8\" data-element_type=\"container\" data-e-type=\"container\">\n\t\t\t\t<div class=\"elementor-element elementor-element-959d1bb elementor-widget elementor-widget-text-editor\" data-id=\"959d1bb\" data-element_type=\"widget\" data-e-type=\"widget\" data-widget_type=\"text-editor.default\">\n\t\t\t\t\t\t\t\t\t<h3>4. CR\u00c9ATION D&rsquo;ESPACES D&rsquo;\u00c9COUTE<\/h3><p>En mettant des outils de m\u00e9diation sociale \u00e0 la disposition du personnel des services institutionnels, la dimension relationnelle de la prise en charge des usagers \u00e9trangers a \u00e9t\u00e9 favoris\u00e9e. La cr\u00e9ation d&rsquo;un partage participatif a permis de r\u00e9fl\u00e9chir collectivement \u00e0 des questions telles que la compr\u00e9hension, la communication et l&rsquo;assistance aux usagers \u00e9trangers, am\u00e9liorant ainsi l&rsquo;efficacit\u00e9 et la qualit\u00e9 globales des services offerts. <\/p>\t\t\t\t\t\t\t\t<\/div>\n\t\t\t\t<\/div>\n\t\t\t\t\t<\/div>\n\t\t\t\t<\/div>\n\t\t<div class=\"elementor-element elementor-element-ea8d998 e-flex e-con-boxed e-con e-parent\" data-id=\"ea8d998\" data-element_type=\"container\" data-e-type=\"container\">\n\t\t\t\t\t<div class=\"e-con-inner\">\n\t\t\t\t<div class=\"elementor-element elementor-element-d411d86 elementor-align-center elementor-widget elementor-widget-button\" data-id=\"d411d86\" data-element_type=\"widget\" data-e-type=\"widget\" data-widget_type=\"button.default\">\n\t\t\t\t\t\t\t\t\t\t<a class=\"elementor-button elementor-button-link elementor-size-sm\" href=\"https:\/\/mosaicorefugees.org\/wp-content\/uploads\/2024\/05\/linee_guida.pdf\">\n\t\t\t\t\t\t<span class=\"elementor-button-content-wrapper\">\n\t\t\t\t\t\t\t\t\t<span class=\"elementor-button-text\">T\u00e9l\u00e9charger les lignes directrices<\/span>\n\t\t\t\t\t<\/span>\n\t\t\t\t\t<\/a>\n\t\t\t\t\t\t\t\t<\/div>\n\t\t\t\t\t<\/div>\n\t\t\t\t<\/div>\n\t\t<div class=\"elementor-element elementor-element-767d218 e-flex e-con-boxed e-con e-parent\" data-id=\"767d218\" data-element_type=\"container\" data-e-type=\"container\" data-settings=\"{&quot;background_background&quot;:&quot;classic&quot;}\">\n\t\t\t\t\t<div class=\"e-con-inner\">\n\t\t<div class=\"elementor-element elementor-element-5914e17 e-con-full e-flex e-con e-child\" data-id=\"5914e17\" data-element_type=\"container\" data-e-type=\"container\">\n\t\t\t\t<div class=\"elementor-element elementor-element-763abf8 elementor-widget elementor-widget-heading\" data-id=\"763abf8\" data-element_type=\"widget\" data-e-type=\"widget\" data-widget_type=\"heading.default\">\n\t\t\t\t\t<h3 class=\"elementor-heading-title elementor-size-default\">Un projet de<\/h3>\t\t\t\t<\/div>\n\t\t\t\t<div class=\"elementor-element elementor-element-d0519d2 elementor-widget elementor-widget-image\" data-id=\"d0519d2\" data-element_type=\"widget\" data-e-type=\"widget\" data-widget_type=\"image.default\">\n\t\t\t\t\t\t\t\t\t\t\t\t\t\t\t<img fetchpriority=\"high\" decoding=\"async\" width=\"800\" height=\"565\" src=\"https:\/\/mosaicorefugees.org\/wp-content\/uploads\/2019\/07\/logo-nuovo_small.png\" class=\"attachment-large size-large wp-image-457\" alt=\"\" srcset=\"https:\/\/mosaicorefugees.org\/wp-content\/uploads\/2019\/07\/logo-nuovo_small.png 842w, https:\/\/mosaicorefugees.org\/wp-content\/uploads\/2019\/07\/logo-nuovo_small-300x212.png 300w, https:\/\/mosaicorefugees.org\/wp-content\/uploads\/2019\/07\/logo-nuovo_small-768x543.png 768w, https:\/\/mosaicorefugees.org\/wp-content\/uploads\/2019\/07\/logo-nuovo_small-700x495.png 700w\" sizes=\"(max-width: 800px) 100vw, 800px\" \/>\t\t\t\t\t\t\t\t\t\t\t\t\t\t\t<\/div>\n\t\t\t\t<\/div>\n\t\t<div class=\"elementor-element elementor-element-9e22c22 e-con-full e-flex e-con e-child\" data-id=\"9e22c22\" data-element_type=\"container\" data-e-type=\"container\">\n\t\t\t\t<div class=\"elementor-element elementor-element-529190d elementor-widget elementor-widget-heading\" data-id=\"529190d\" data-element_type=\"widget\" data-e-type=\"widget\" data-widget_type=\"heading.default\">\n\t\t\t\t\t<h3 class=\"elementor-heading-title elementor-size-default\">En collaboration avec<\/h3>\t\t\t\t<\/div>\n\t\t\t\t<div class=\"elementor-element elementor-element-db319a3 elementor-widget elementor-widget-image\" data-id=\"db319a3\" data-element_type=\"widget\" data-e-type=\"widget\" data-widget_type=\"image.default\">\n\t\t\t\t\t\t\t\t\t\t\t\t\t\t\t<img decoding=\"async\" width=\"800\" height=\"235\" src=\"https:\/\/mosaicorefugees.org\/wp-content\/uploads\/2024\/05\/loghi--1024x301.jpg\" class=\"attachment-large size-large wp-image-2653\" alt=\"\" srcset=\"https:\/\/mosaicorefugees.org\/wp-content\/uploads\/2024\/05\/loghi--1024x301.jpg 1024w, https:\/\/mosaicorefugees.org\/wp-content\/uploads\/2024\/05\/loghi--300x88.jpg 300w, https:\/\/mosaicorefugees.org\/wp-content\/uploads\/2024\/05\/loghi--768x226.jpg 768w, https:\/\/mosaicorefugees.org\/wp-content\/uploads\/2024\/05\/loghi--700x206.jpg 700w, https:\/\/mosaicorefugees.org\/wp-content\/uploads\/2024\/05\/loghi-.jpg 1289w\" sizes=\"(max-width: 800px) 100vw, 800px\" \/>\t\t\t\t\t\t\t\t\t\t\t\t\t\t\t<\/div>\n\t\t\t\t<\/div>\n\t\t<div class=\"elementor-element elementor-element-e03e73c e-con-full e-flex e-con e-child\" data-id=\"e03e73c\" data-element_type=\"container\" data-e-type=\"container\">\n\t\t\t\t<div class=\"elementor-element elementor-element-3731d87 elementor-widget elementor-widget-heading\" data-id=\"3731d87\" data-element_type=\"widget\" data-e-type=\"widget\" data-widget_type=\"heading.default\">\n\t\t\t\t\t<h3 class=\"elementor-heading-title elementor-size-default\">Organisme de financement<\/h3>\t\t\t\t<\/div>\n\t\t\t\t<div class=\"elementor-element elementor-element-e225c49 elementor-widget elementor-widget-image\" data-id=\"e225c49\" data-element_type=\"widget\" data-e-type=\"widget\" data-widget_type=\"image.default\">\n\t\t\t\t\t\t\t\t\t\t\t\t\t\t\t<img decoding=\"async\" width=\"800\" height=\"265\" src=\"https:\/\/mosaicorefugees.org\/wp-content\/uploads\/2022\/07\/torino2-1024x339.png\" class=\"attachment-large size-large wp-image-2281\" alt=\"\" srcset=\"https:\/\/mosaicorefugees.org\/wp-content\/uploads\/2022\/07\/torino2-1024x339.png 1024w, https:\/\/mosaicorefugees.org\/wp-content\/uploads\/2022\/07\/torino2-300x99.png 300w, https:\/\/mosaicorefugees.org\/wp-content\/uploads\/2022\/07\/torino2-768x254.png 768w, https:\/\/mosaicorefugees.org\/wp-content\/uploads\/2022\/07\/torino2-700x232.png 700w, https:\/\/mosaicorefugees.org\/wp-content\/uploads\/2022\/07\/torino2.png 1325w\" sizes=\"(max-width: 800px) 100vw, 800px\" \/>\t\t\t\t\t\t\t\t\t\t\t\t\t\t\t<\/div>\n\t\t\t\t<\/div>\n\t\t\t\t\t<\/div>\n\t\t\t\t<\/div>\n\t\t<div class=\"elementor-element elementor-element-24c7e6b e-flex e-con-boxed e-con e-parent\" data-id=\"24c7e6b\" data-element_type=\"container\" data-e-type=\"container\" data-settings=\"{&quot;background_background&quot;:&quot;classic&quot;}\">\n\t\t\t\t\t<div class=\"e-con-inner\">\n\t\t\t\t<div class=\"elementor-element elementor-element-52d0acf elementor-widget elementor-widget-text-editor\" data-id=\"52d0acf\" data-element_type=\"widget\" data-e-type=\"widget\" data-widget_type=\"text-editor.default\">\n\t\t\t\t\t\t\t\t\t<div class=\"wpb_text_column wpb_content_element \"><div class=\"wpb_wrapper\"><p style=\"text-align: center;\">Dur\u00e9e : 1er mars 2023 &#8211; 31 mai 2024<\/p><\/div><\/div>\t\t\t\t\t\t\t\t<\/div>\n\t\t\t\t\t<\/div>\n\t\t\t\t<\/div>\n\t\t\t\t<\/div>\n\t\t","protected":false},"excerpt":{"rendered":"<p>Avec ce projet, Mosaico a relev\u00e9 le d\u00e9fi de l&rsquo;inclusion, \u00e0 travers des activit\u00e9s \u00e9tendues d&rsquo;accompagnement, d&rsquo;engagement, de connaissance et de relations.<\/p>\n","protected":false},"author":1,"featured_media":0,"parent":598,"menu_order":0,"comment_status":"closed","ping_status":"closed","template":"","meta":{"footnotes":""},"class_list":["post-3951","page","type-page","status-publish","hentry"],"_links":{"self":[{"href":"https:\/\/mosaicorefugees.org\/fr\/wp-json\/wp\/v2\/pages\/3951","targetHints":{"allow":["GET"]}}],"collection":[{"href":"https:\/\/mosaicorefugees.org\/fr\/wp-json\/wp\/v2\/pages"}],"about":[{"href":"https:\/\/mosaicorefugees.org\/fr\/wp-json\/wp\/v2\/types\/page"}],"author":[{"embeddable":true,"href":"https:\/\/mosaicorefugees.org\/fr\/wp-json\/wp\/v2\/users\/1"}],"replies":[{"embeddable":true,"href":"https:\/\/mosaicorefugees.org\/fr\/wp-json\/wp\/v2\/comments?post=3951"}],"version-history":[{"count":3,"href":"https:\/\/mosaicorefugees.org\/fr\/wp-json\/wp\/v2\/pages\/3951\/revisions"}],"predecessor-version":[{"id":4347,"href":"https:\/\/mosaicorefugees.org\/fr\/wp-json\/wp\/v2\/pages\/3951\/revisions\/4347"}],"up":[{"embeddable":true,"href":"https:\/\/mosaicorefugees.org\/fr\/wp-json\/wp\/v2\/pages\/598"}],"wp:attachment":[{"href":"https:\/\/mosaicorefugees.org\/fr\/wp-json\/wp\/v2\/media?parent=3951"}],"curies":[{"name":"wp","href":"https:\/\/api.w.org\/{rel}","templated":true}]}}