{"id":3995,"date":"2025-10-31T13:06:53","date_gmt":"2025-10-31T12:06:53","guid":{"rendered":"https:\/\/mosaicorefugees.org\/projets\/l-e-a-d-plaidoyer-pour-linclusion\/"},"modified":"2025-11-14T15:09:52","modified_gmt":"2025-11-14T14:09:52","slug":"l-e-a-d-plaidoyer-pour-linclusion","status":"publish","type":"page","link":"https:\/\/mosaicorefugees.org\/fr\/projets\/l-e-a-d-plaidoyer-pour-linclusion\/","title":{"rendered":"L.E.A.D. &#8211; Plaidoyer pour l&rsquo;inclusion"},"content":{"rendered":"\t\t<div data-elementor-type=\"wp-page\" data-elementor-id=\"3995\" class=\"elementor elementor-3995 elementor-3574\" data-elementor-post-type=\"page\">\n\t\t\t\t<div class=\"elementor-element elementor-element-8eceb79 e-flex e-con-boxed e-con e-parent\" data-id=\"8eceb79\" data-element_type=\"container\" data-e-type=\"container\">\n\t\t\t\t\t<div class=\"e-con-inner\">\n\t\t\t\t<div class=\"elementor-element elementor-element-1e1d721 elementor-widget elementor-widget-text-editor\" data-id=\"1e1d721\" data-element_type=\"widget\" data-e-type=\"widget\" data-widget_type=\"text-editor.default\">\n\t\t\t\t\t\t\t\t\t<p><span style=\"font-weight: 400;\">Avec le projet <\/span><b>L.E.A.D. (Leadership, Empowerment, Advocacy and Data for Inclusion).<\/b><span style=\"font-weight: 400;\">soutenu par le <\/span><b>Step Up Capacity Fund<\/b><span style=\"font-weight: 400;\"> promu par le Conseil n\u00e9erlandais pour les r\u00e9fugi\u00e9s, Mosaico a renforc\u00e9 sa capacit\u00e9 de plaidoyer et a investi dans un nouveau cycle de leadership interne.<\/span><\/p><p><span style=\"font-weight: 400;\">L&rsquo;initiative r\u00e9pondait \u00e0 deux besoins centraux : d&rsquo;une part, structurer un plan de plaidoyer qui transformerait le travail quotidien de m\u00e9diation sociale en messages clairs et en donn\u00e9es utiles pour le dialogue avec les institutions et la soci\u00e9t\u00e9 civile ; d&rsquo;autre part, encourager le changement de g\u00e9n\u00e9ration en formant de jeunes m\u00e9diatrices et op\u00e9ratrices afin qu&rsquo;elles puissent jouer un r\u00f4le de premier plan au sein de l&rsquo;association.<\/span><\/p><h2>R\u00e9sultats du projet<\/h2><p><span style=\"font-weight: 400;\">Le projet a permis d&rsquo;\u00e9laborer un plan de plaidoyer commun avec la contribution d&rsquo;experts et d&rsquo;organisations internationales, d&rsquo;am\u00e9liorer les outils de collecte de donn\u00e9es avec le soutien de l&rsquo;IRES Piemonte et de renouveler la communication externe, du site web \u00e0 la strat\u00e9gie sociale, en accordant une plus grande attention \u00e0 l&rsquo;\u00e9thique de la narration et \u00e0 la centralit\u00e9 des voix des r\u00e9fugi\u00e9s. Un autre r\u00e9sultat important a \u00e9t\u00e9 l&rsquo;initiation d&rsquo;un parcours de transmission de la m\u00e9moire et des comp\u00e9tences internes, qui a donn\u00e9 aux membres les plus jeunes des outils concrets pour repr\u00e9senter Mosaico dans des contextes publics et \u00e0 des tables institutionnelles. <\/span><\/p><p><span style=\"font-weight: 400;\">Merci \u00e0 <\/span><b>Fonds Step Up Capacity<\/b><span style=\"font-weight: 400;\">l&rsquo;association dispose d\u00e9sormais d&rsquo;outils plus solides pour porter les demandes issues de son travail de sensibilisation aupr\u00e8s des d\u00e9cideurs et peut compter sur une nouvelle g\u00e9n\u00e9ration pr\u00eate \u00e0 conduire ses prochains d\u00e9veloppements.<\/span><\/p><h2>Donateur<\/h2><p><span style=\"font-weight: 400;\">Le programme Step Up Capacity Fund, promu par le Conseil n\u00e9erlandais pour les r\u00e9fugi\u00e9s.<\/span><\/p>\t\t\t\t\t\t\t\t<\/div>\n\t\t\t\t\t<\/div>\n\t\t\t\t<\/div>\n\t\t\t\t<\/div>\n\t\t","protected":false},"excerpt":{"rendered":"<p>Avec le projet L.E.A.D., soutenu par le programme Step Up Capacity Fund promu par le Conseil n\u00e9erlandais pour les r\u00e9fugi\u00e9s, Mosaico a renforc\u00e9 sa capacit\u00e9 de plaidoyer et investi dans un nouveau cycle de leadership interne.<\/p>\n","protected":false},"author":3,"featured_media":0,"parent":598,"menu_order":0,"comment_status":"closed","ping_status":"closed","template":"","meta":{"footnotes":""},"class_list":["post-3995","page","type-page","status-publish","hentry"],"_links":{"self":[{"href":"https:\/\/mosaicorefugees.org\/fr\/wp-json\/wp\/v2\/pages\/3995","targetHints":{"allow":["GET"]}}],"collection":[{"href":"https:\/\/mosaicorefugees.org\/fr\/wp-json\/wp\/v2\/pages"}],"about":[{"href":"https:\/\/mosaicorefugees.org\/fr\/wp-json\/wp\/v2\/types\/page"}],"author":[{"embeddable":true,"href":"https:\/\/mosaicorefugees.org\/fr\/wp-json\/wp\/v2\/users\/3"}],"replies":[{"embeddable":true,"href":"https:\/\/mosaicorefugees.org\/fr\/wp-json\/wp\/v2\/comments?post=3995"}],"version-history":[{"count":3,"href":"https:\/\/mosaicorefugees.org\/fr\/wp-json\/wp\/v2\/pages\/3995\/revisions"}],"predecessor-version":[{"id":4374,"href":"https:\/\/mosaicorefugees.org\/fr\/wp-json\/wp\/v2\/pages\/3995\/revisions\/4374"}],"up":[{"embeddable":true,"href":"https:\/\/mosaicorefugees.org\/fr\/wp-json\/wp\/v2\/pages\/598"}],"wp:attachment":[{"href":"https:\/\/mosaicorefugees.org\/fr\/wp-json\/wp\/v2\/media?parent=3995"}],"curies":[{"name":"wp","href":"https:\/\/api.w.org\/{rel}","templated":true}]}}