{"id":4018,"date":"2025-10-31T13:01:03","date_gmt":"2025-10-31T12:01:03","guid":{"rendered":"https:\/\/mosaicorefugees.org\/projets\/incontrarti\/"},"modified":"2025-11-14T15:10:01","modified_gmt":"2025-11-14T14:10:01","slug":"incontrarti","status":"publish","type":"page","link":"https:\/\/mosaicorefugees.org\/fr\/projets\/incontrarti\/","title":{"rendered":"IncontrArti"},"content":{"rendered":"\t\t<div data-elementor-type=\"wp-page\" data-elementor-id=\"4018\" class=\"elementor elementor-4018 elementor-3568\" data-elementor-post-type=\"page\">\n\t\t\t\t<div class=\"elementor-element elementor-element-3310855 e-flex e-con-boxed e-con e-parent\" data-id=\"3310855\" data-element_type=\"container\" data-e-type=\"container\">\n\t\t\t\t\t<div class=\"e-con-inner\">\n\t\t\t\t<div class=\"elementor-element elementor-element-df681f4 elementor-widget elementor-widget-text-editor\" data-id=\"df681f4\" data-element_type=\"widget\" data-e-type=\"widget\" data-widget_type=\"text-editor.default\">\n\t\t\t\t\t\t\t\t\t<p><span style=\"font-weight: 400;\">Avec le groupe <\/span><b>\u00ab\u00a0Nous ne sommes pas seuls<\/b><span style=\"font-weight: 400;\">Les femmes r\u00e9fugi\u00e9es participent r\u00e9guli\u00e8rement \u00e0 des r\u00e9unions d&rsquo;\u00e9coute et de soutien mutuel. Il s&rsquo;agit d&rsquo;un espace s\u00fbr dans lequel elles peuvent discuter de leurs besoins et de leurs d\u00e9sirs, partager leurs exp\u00e9riences et construire des voies vers l&rsquo;autonomie.   <\/span><span style=\"font-weight: 400;\">En outre, gr\u00e2ce \u00e0 la collaboration avec le <\/span><b>Centre Frantz Fanon<\/b><span style=\"font-weight: 400;\">le groupe s&rsquo;enrichit de moments men\u00e9s avec une approche ethnoclinique, qui permettent de traiter des exp\u00e9riences complexes et de renforcer les ressources personnelles.<\/span><\/p><h2>Ateliers et cours<\/h2><p><span style=\"font-weight: 400;\">Le projet consacre \u00e9galement un itin\u00e9raire aux <\/span><b>enfants r\u00e9fugi\u00e9s<\/b><span style=\"font-weight: 400;\">avec des ateliers d&rsquo;art-th\u00e9rapie con\u00e7us pour stimuler la cr\u00e9ativit\u00e9 et traiter les \u00e9motions li\u00e9es \u00e0 l&rsquo;exp\u00e9rience de la migration. Gr\u00e2ce \u00e0 des activit\u00e9s expressives et \u00e0 des jeux anim\u00e9s par des professionnels, les enfants trouvent un espace dans lequel ils peuvent se sentir accueillis et construire de nouvelles formes de sociabilit\u00e9. <\/span><\/p><p><span style=\"font-weight: 400;\">IncontrArti n&rsquo;est pas seulement un ensemble d&rsquo;ateliers, mais un parcours communautaire : il renforce les liens internes des familles de r\u00e9fugi\u00e9s et ouvre des espaces de dialogue avec la citoyennet\u00e9, en promouvant une culture de l&rsquo;inclusion qui valorise les talents et les voix de ceux qui ont connu la migration forc\u00e9e.<\/span><\/p><h2>Donateur<\/h2><p><span style=\"font-weight: 400;\">Huit pour mille &#8211; \u00c9glise vaudoise.<\/span><\/p>\t\t\t\t\t\t\t\t<\/div>\n\t\t\t\t\t<\/div>\n\t\t\t\t<\/div>\n\t\t\t\t<\/div>\n\t\t","protected":false},"excerpt":{"rendered":"<p>IncontrArti est un projet de Mosaico soutenu par l&rsquo;Otto per Mille della Chiesa Valdese dans le but de cr\u00e9er des espaces d&rsquo;expression et de participation pour les femmes et les enfants r\u00e9fugi\u00e9s, en utilisant l&rsquo;art et la cr\u00e9ativit\u00e9 comme outils pour renforcer la confiance, am\u00e9liorer le bien-\u00eatre psychophysique et construire de nouvelles relations sociales.<\/p>\n","protected":false},"author":3,"featured_media":0,"parent":598,"menu_order":0,"comment_status":"closed","ping_status":"closed","template":"","meta":{"footnotes":""},"class_list":["post-4018","page","type-page","status-publish","hentry"],"_links":{"self":[{"href":"https:\/\/mosaicorefugees.org\/fr\/wp-json\/wp\/v2\/pages\/4018","targetHints":{"allow":["GET"]}}],"collection":[{"href":"https:\/\/mosaicorefugees.org\/fr\/wp-json\/wp\/v2\/pages"}],"about":[{"href":"https:\/\/mosaicorefugees.org\/fr\/wp-json\/wp\/v2\/types\/page"}],"author":[{"embeddable":true,"href":"https:\/\/mosaicorefugees.org\/fr\/wp-json\/wp\/v2\/users\/3"}],"replies":[{"embeddable":true,"href":"https:\/\/mosaicorefugees.org\/fr\/wp-json\/wp\/v2\/comments?post=4018"}],"version-history":[{"count":3,"href":"https:\/\/mosaicorefugees.org\/fr\/wp-json\/wp\/v2\/pages\/4018\/revisions"}],"predecessor-version":[{"id":4397,"href":"https:\/\/mosaicorefugees.org\/fr\/wp-json\/wp\/v2\/pages\/4018\/revisions\/4397"}],"up":[{"embeddable":true,"href":"https:\/\/mosaicorefugees.org\/fr\/wp-json\/wp\/v2\/pages\/598"}],"wp:attachment":[{"href":"https:\/\/mosaicorefugees.org\/fr\/wp-json\/wp\/v2\/media?parent=4018"}],"curies":[{"name":"wp","href":"https:\/\/api.w.org\/{rel}","templated":true}]}}