{"id":602,"date":"2019-08-02T12:38:11","date_gmt":"2019-08-02T10:38:11","guid":{"rendered":"https:\/\/mosaicorefugees.org\/femmes\/"},"modified":"2025-11-14T15:08:45","modified_gmt":"2025-11-14T14:08:45","slug":"femmes","status":"publish","type":"page","link":"https:\/\/mosaicorefugees.org\/fr\/projets\/femmes\/","title":{"rendered":"Nous ne sommes pas seules &#8211; Femmes r\u00e9fugi\u00e9es"},"content":{"rendered":"\t\t<div data-elementor-type=\"wp-page\" data-elementor-id=\"602\" class=\"elementor elementor-602 elementor-81\" data-elementor-post-type=\"page\">\n\t\t\t\t<div class=\"elementor-element elementor-element-9d8890b e-flex e-con-boxed e-con e-parent\" data-id=\"9d8890b\" data-element_type=\"container\" data-e-type=\"container\">\n\t\t\t\t\t<div class=\"e-con-inner\">\n\t\t\t\t<div class=\"elementor-element elementor-element-a97b226 elementor-widget elementor-widget-image\" data-id=\"a97b226\" data-element_type=\"widget\" data-e-type=\"widget\" data-widget_type=\"image.default\">\n\t\t\t\t\t\t\t\t\t\t\t\t\t\t\t<img fetchpriority=\"high\" decoding=\"async\" width=\"1536\" height=\"638\" src=\"https:\/\/mosaicorefugees.org\/wp-content\/uploads\/2019\/09\/esterno.jpg\" class=\"attachment-1536x1536 size-1536x1536 wp-image-603\" alt=\"\" srcset=\"https:\/\/mosaicorefugees.org\/wp-content\/uploads\/2019\/09\/esterno.jpg 1772w, https:\/\/mosaicorefugees.org\/wp-content\/uploads\/2019\/09\/esterno-300x125.jpg 300w, https:\/\/mosaicorefugees.org\/wp-content\/uploads\/2019\/09\/esterno-768x319.jpg 768w, https:\/\/mosaicorefugees.org\/wp-content\/uploads\/2019\/09\/esterno-1024x425.jpg 1024w, https:\/\/mosaicorefugees.org\/wp-content\/uploads\/2019\/09\/esterno-700x291.jpg 700w\" sizes=\"(max-width: 1536px) 100vw, 1536px\" \/>\t\t\t\t\t\t\t\t\t\t\t\t\t\t\t<\/div>\n\t\t\t\t\t<\/div>\n\t\t\t\t<\/div>\n\t\t<div class=\"elementor-element elementor-element-e36ca13 e-flex e-con-boxed e-con e-parent\" data-id=\"e36ca13\" data-element_type=\"container\" data-e-type=\"container\">\n\t\t\t\t\t<div class=\"e-con-inner\">\n\t\t<div class=\"elementor-element elementor-element-bc87aa8 e-con-full e-flex e-con e-child\" data-id=\"bc87aa8\" data-element_type=\"container\" data-e-type=\"container\">\n\t\t\t\t<div class=\"elementor-element elementor-element-34ec1ec elementor-widget elementor-widget-text-editor\" data-id=\"34ec1ec\" data-element_type=\"widget\" data-e-type=\"widget\" data-widget_type=\"text-editor.default\">\n\t\t\t\t\t\t\t\t\t<h2>Le projet<\/h2><p>De 2012 \u00e0 aujourd&rsquo;hui, Mosaico accompagne <strong>un groupe de femmes r\u00e9fugi\u00e9es<\/strong> impliqu\u00e9es dans le projet \u00a0\u00bb Non siamo sole \u00ab\u00a0, accueillies d&rsquo;abord \u00e0 la <strong>Casa del Quartiere \u00e0 San Salvario<\/strong>, puis au <strong>Passo Social Point<\/strong> \u00e0 Barriera di Milano. La personne de contact, \u00e9galement r\u00e9fugi\u00e9e et employ\u00e9e de Mosaico, accompagne les femmes dans la recherche partag\u00e9e de solutions \u00e0 leurs besoins en termes d&rsquo;autonomie dans le travail, de logement et d&rsquo;inclusion sociale.<\/p><p>Chaque ann\u00e9e, Mosaico<strong> propose un cours d&rsquo;activit\u00e9 diff\u00e9rent<\/strong> dans lequel interviennent divers professionnels tels que des avocats, des m\u00e9decins, des travailleurs sociaux et des r\u00e9ceptionnistes. Dans le cadre du projet \u00ab\u00a0We are not alone\u00a0\u00bb, Mosaico a d\u00e9velopp\u00e9 depuis 2015 la \u00ab\u00a0Journ\u00e9e internationale des femmes r\u00e9fugi\u00e9es\u00a0\u00bb, un \u00e9v\u00e9nement organis\u00e9 par des femmes r\u00e9fugi\u00e9es et ouvert \u00e0 tous les citoyens de Turin.<\/p>\t\t\t\t\t\t\t\t<\/div>\n\t\t\t\t<\/div>\n\t\t<div class=\"elementor-element elementor-element-b3b8556 e-con-full e-flex e-con e-child\" data-id=\"b3b8556\" data-element_type=\"container\" data-e-type=\"container\">\n\t\t\t\t<div class=\"elementor-element elementor-element-9b4e673 elementor-widget elementor-widget-video\" data-id=\"9b4e673\" data-element_type=\"widget\" data-e-type=\"widget\" data-settings=\"{&quot;video_type&quot;:&quot;vimeo&quot;}\" data-widget_type=\"video.default\">\n\t\t\t\t\t\t\t<div class=\"elementor-wrapper elementor-open-inline\">\n\t\t\t<iframe class=\"elementor-video-iframe\" allowfullscreen allow=\"clipboard-write\" title=\"Lecteur vid\u00e9o vimeo\" src=\"https:\/\/player.vimeo.com\/video\/360258281?color&amp;autopause=0&amp;loop=0&amp;muted=0&amp;title=1&amp;portrait=1&amp;byline=1#t=\"><\/iframe>\t\t<\/div>\n\t\t\t\t\t\t<\/div>\n\t\t\t\t<\/div>\n\t\t\t\t\t<\/div>\n\t\t\t\t<\/div>\n\t\t\t\t<\/div>\n\t\t","protected":false},"excerpt":{"rendered":"<p>Avec ce projet, Mosaico propose des parcours avec des figures professionnelles telles que des avocats, des m\u00e9decins, des travailleurs sociaux et des r\u00e9ceptionnistes.<\/p>\n","protected":false},"author":1,"featured_media":0,"parent":598,"menu_order":0,"comment_status":"closed","ping_status":"closed","template":"","meta":{"footnotes":""},"class_list":["post-602","page","type-page","status-publish","hentry"],"_links":{"self":[{"href":"https:\/\/mosaicorefugees.org\/fr\/wp-json\/wp\/v2\/pages\/602","targetHints":{"allow":["GET"]}}],"collection":[{"href":"https:\/\/mosaicorefugees.org\/fr\/wp-json\/wp\/v2\/pages"}],"about":[{"href":"https:\/\/mosaicorefugees.org\/fr\/wp-json\/wp\/v2\/types\/page"}],"author":[{"embeddable":true,"href":"https:\/\/mosaicorefugees.org\/fr\/wp-json\/wp\/v2\/users\/1"}],"replies":[{"embeddable":true,"href":"https:\/\/mosaicorefugees.org\/fr\/wp-json\/wp\/v2\/comments?post=602"}],"version-history":[{"count":14,"href":"https:\/\/mosaicorefugees.org\/fr\/wp-json\/wp\/v2\/pages\/602\/revisions"}],"predecessor-version":[{"id":4330,"href":"https:\/\/mosaicorefugees.org\/fr\/wp-json\/wp\/v2\/pages\/602\/revisions\/4330"}],"up":[{"embeddable":true,"href":"https:\/\/mosaicorefugees.org\/fr\/wp-json\/wp\/v2\/pages\/598"}],"wp:attachment":[{"href":"https:\/\/mosaicorefugees.org\/fr\/wp-json\/wp\/v2\/media?parent=602"}],"curies":[{"name":"wp","href":"https:\/\/api.w.org\/{rel}","templated":true}]}}