{"id":617,"date":"2019-08-02T12:39:06","date_gmt":"2019-08-02T10:39:06","guid":{"rendered":"https:\/\/mosaicorefugees.org\/point-dinformation\/"},"modified":"2025-11-14T14:53:19","modified_gmt":"2025-11-14T13:53:19","slug":"point-dinformation","status":"publish","type":"page","link":"https:\/\/mosaicorefugees.org\/fr\/projets\/point-dinformation\/","title":{"rendered":"Espace de m\u00e9diation"},"content":{"rendered":"\t\t<div data-elementor-type=\"wp-page\" data-elementor-id=\"617\" class=\"elementor elementor-617 elementor-85\" data-elementor-post-type=\"page\">\n\t\t\t\t<div class=\"elementor-element elementor-element-4492a2f2 e-flex e-con-boxed e-con e-parent\" data-id=\"4492a2f2\" data-element_type=\"container\" data-e-type=\"container\">\n\t\t\t\t\t<div class=\"e-con-inner\">\n\t\t\t\t<div class=\"elementor-element elementor-element-f8a7666 elementor-widget elementor-widget-text-editor\" data-id=\"f8a7666\" data-element_type=\"widget\" data-e-type=\"widget\" data-widget_type=\"text-editor.default\">\n\t\t\t\t\t\t\t\t\t<p>Dans une grande ville comme Turin, il est souvent compliqu\u00e9 pour un demandeur d&rsquo;asile ou un r\u00e9fugi\u00e9 d&rsquo;<strong>entrer en contact avec des services d&rsquo;orientation<\/strong> et de <strong>conseil individualis\u00e9s<\/strong>. Tr\u00e8s souvent, en effet, les quelques services existants sont d\u00e9bord\u00e9s par la n\u00e9cessit\u00e9 de \u00ab\u00a0traiter\u00a0\u00bb un grand nombre de demandes, en partie \u00e0 cause de l&rsquo;insuffisance ou de la fragmentation des services institutionnels, que le troisi\u00e8me secteur tente de compenser. Il est tr\u00e8s facile pour ces personnes, qui ne connaissent pas le territoire ou ne le connaissent que partiellement, de devenir des num\u00e9ros, m\u00eame dans les services qui tentent d&rsquo;\u00e9couter l&rsquo;exp\u00e9rience unique des individus.<\/p><p>Mosaico est pr\u00e9sent dans la r\u00e9gion de Turin avec un <strong>point<\/strong> central <strong>d&rsquo;information<\/strong> et de <strong>m\u00e9diation culturelle<\/strong> pour les demandeurs d&rsquo;asile et les r\u00e9fugi\u00e9s \u00e0 la <strong>Casa del Quartiere \u00e0 San Salvario<\/strong> et avec une proposition d\u00e9tach\u00e9e et plus fluide \u00e0 la <strong>gare Porta Nuova<\/strong>, lieu d&rsquo;arr\u00eat, de d\u00e9part et d&rsquo;arriv\u00e9e pour de nombreuses personnes.<\/p><p><strong>Le point d&rsquo;information est ouvert deux fois par semaine<\/strong>, le lundi apr\u00e8s-midi et le vendredi sur rendez-vous, et au fil du temps, une trentaine d&rsquo;op\u00e9rateurs ont \u00e9t\u00e9 impliqu\u00e9s dans les activit\u00e9s du guichet parmi les stagiaires, les b\u00e9n\u00e9voles et les coordinateurs de projet. Le <strong>point d&rsquo;information<\/strong> travaille avec une<strong>approche holistique<\/strong> visant \u00e0<strong>responsabiliser les<\/strong> personnes qui re\u00e7oivent un soutien dans le domaine juridique (gr\u00e2ce \u00e9galement \u00e0 la collaboration avec ASGI), dans la recherche d&rsquo;un emploi et de solutions en mati\u00e8re de logement.<\/p>\t\t\t\t\t\t\t\t<\/div>\n\t\t\t\t\t<\/div>\n\t\t\t\t<\/div>\n\t\t<div class=\"elementor-element elementor-element-6e87836 e-grid e-con-boxed e-con e-parent\" data-id=\"6e87836\" data-element_type=\"container\" data-e-type=\"container\">\n\t\t\t\t\t<div class=\"e-con-inner\">\n\t\t<div class=\"elementor-element elementor-element-31e4ad1 e-con-full e-flex e-con e-child\" data-id=\"31e4ad1\" data-element_type=\"container\" data-e-type=\"container\">\n\t\t\t\t<div class=\"elementor-element elementor-element-eec2bfd elementor-view-default elementor-widget elementor-widget-icon\" data-id=\"eec2bfd\" data-element_type=\"widget\" data-e-type=\"widget\" data-widget_type=\"icon.default\">\n\t\t\t\t\t\t\t<div class=\"elementor-icon-wrapper\">\n\t\t\t<div class=\"elementor-icon\">\n\t\t\t<svg xmlns=\"http:\/\/www.w3.org\/2000\/svg\" id=\"Livello_1\" viewBox=\"0 0 1069 1069\"><defs><style>      .st0 {        fill: #217fcf;      }    <\/style><\/defs><path class=\"st0\" d=\"M.1,0l912.6,77.7,155.3,991H.1l155.3-534.4L.1,0Z\"><\/path><\/svg>\t\t\t<\/div>\n\t\t<\/div>\n\t\t\t\t\t\t<\/div>\n\t\t\t\t<div class=\"elementor-element elementor-element-8dc99fe elementor-widget elementor-widget-text-editor\" data-id=\"8dc99fe\" data-element_type=\"widget\" data-e-type=\"widget\" data-widget_type=\"text-editor.default\">\n\t\t\t\t\t\t\t\t\t<h2>Objectifs<\/h2><p>Cette activit\u00e9, qui repose actuellement uniquement sur le travail de quelques b\u00e9n\u00e9voles de Mosaico, vise \u00e0 cr\u00e9er un espace d&rsquo;\u00e9coute et d&rsquo;orientation, en veillant \u00e0 garantir \u00e0 chacun un temps propre et en tenant compte de la sp\u00e9cificit\u00e9 de chaque parcours individuel.<\/p>\t\t\t\t\t\t\t\t<\/div>\n\t\t\t\t<\/div>\n\t\t<div class=\"elementor-element elementor-element-c2dc709 e-con-full e-flex e-con e-child\" data-id=\"c2dc709\" data-element_type=\"container\" data-e-type=\"container\">\n\t\t\t\t<div class=\"elementor-element elementor-element-111b7a7 elementor-view-default elementor-widget elementor-widget-icon\" data-id=\"111b7a7\" data-element_type=\"widget\" data-e-type=\"widget\" data-widget_type=\"icon.default\">\n\t\t\t\t\t\t\t<div class=\"elementor-icon-wrapper\">\n\t\t\t<div class=\"elementor-icon\">\n\t\t\t<svg xmlns=\"http:\/\/www.w3.org\/2000\/svg\" width=\"471\" height=\"471\" viewBox=\"0 0 471 471\" fill=\"none\"><path d=\"M0.849609 0.711182C0.849609 259.916 210.977 470.043 470.181 470.043V0.711182H0.849609Z\" fill=\"#FEA010\"><\/path><\/svg>\t\t\t<\/div>\n\t\t<\/div>\n\t\t\t\t\t\t<\/div>\n\t\t\t\t<div class=\"elementor-element elementor-element-1f3561b elementor-widget elementor-widget-text-editor\" data-id=\"1f3561b\" data-element_type=\"widget\" data-e-type=\"widget\" data-widget_type=\"text-editor.default\">\n\t\t\t\t\t\t\t\t\t<h2>M\u00e9thode<\/h2><p>Sans fen\u00eatre ni bureau s\u00e9parant les b\u00e9n\u00e9ficiaires et les m\u00e9diateurs, le guichet garantit une \u00e9coute individualis\u00e9e et la fourniture d&rsquo;informations tr\u00e8s importantes, toujours accompagn\u00e9es d&rsquo;une explication plus g\u00e9n\u00e9rale qui permet de prendre conscience de ses choix et de ses possibilit\u00e9s.  <\/p>\t\t\t\t\t\t\t\t<\/div>\n\t\t\t\t<\/div>\n\t\t<div class=\"elementor-element elementor-element-143ce06 e-con-full e-flex e-con e-child\" data-id=\"143ce06\" data-element_type=\"container\" data-e-type=\"container\">\n\t\t\t\t<div class=\"elementor-element elementor-element-72c7ea2 elementor-view-default elementor-widget elementor-widget-icon\" data-id=\"72c7ea2\" data-element_type=\"widget\" data-e-type=\"widget\" data-widget_type=\"icon.default\">\n\t\t\t\t\t\t\t<div class=\"elementor-icon-wrapper\">\n\t\t\t<div class=\"elementor-icon\">\n\t\t\t<svg xmlns=\"http:\/\/www.w3.org\/2000\/svg\" id=\"Livello_1\" viewBox=\"0 0 511 511\"><defs><style>      .st0 {        fill: #217fcf;      }    <\/style><\/defs><path class=\"st0\" d=\"M.1,481.5l468.4,30.3,41.6-419.5L29.6,0,.1,481.5Z\"><\/path><\/svg>\t\t\t<\/div>\n\t\t<\/div>\n\t\t\t\t\t\t<\/div>\n\t\t\t\t<div class=\"elementor-element elementor-element-b09a178 elementor-widget elementor-widget-text-editor\" data-id=\"b09a178\" data-element_type=\"widget\" data-e-type=\"widget\" data-widget_type=\"text-editor.default\">\n\t\t\t\t\t\t\t\t\t<h2>Services<\/h2><p>Les informations propos\u00e9es par MOSAICO concernent l&rsquo;acc\u00e8s \u00e0 la proc\u00e9dure de reconnaissance du statut de r\u00e9fugi\u00e9 : de la demande d&rsquo;asile \u00e0 l&rsquo;examen par la Commission territoriale, jusqu&rsquo;\u00e0 un \u00e9ventuel recours en cas de premi\u00e8re d\u00e9cision n\u00e9gative.<\/p>\t\t\t\t\t\t\t\t<\/div>\n\t\t\t\t<\/div>\n\t\t<div class=\"elementor-element elementor-element-37e0958 e-con-full e-flex e-con e-child\" data-id=\"37e0958\" data-element_type=\"container\" data-e-type=\"container\">\n\t\t\t\t<div class=\"elementor-element elementor-element-f867d73 elementor-view-default elementor-widget elementor-widget-icon\" data-id=\"f867d73\" data-element_type=\"widget\" data-e-type=\"widget\" data-widget_type=\"icon.default\">\n\t\t\t\t\t\t\t<div class=\"elementor-icon-wrapper\">\n\t\t\t<div class=\"elementor-icon\">\n\t\t\t<svg xmlns=\"http:\/\/www.w3.org\/2000\/svg\" width=\"471\" height=\"471\" viewBox=\"0 0 471 471\" fill=\"none\"><path d=\"M0.849609 0.711182C0.849609 259.916 210.977 470.043 470.181 470.043V0.711182H0.849609Z\" fill=\"#FEA010\"><\/path><\/svg>\t\t\t<\/div>\n\t\t<\/div>\n\t\t\t\t\t\t<\/div>\n\t\t\t\t<div class=\"elementor-element elementor-element-e01e173 elementor-widget elementor-widget-text-editor\" data-id=\"e01e173\" data-element_type=\"widget\" data-e-type=\"widget\" data-widget_type=\"text-editor.default\">\n\t\t\t\t\t\t\t\t\t<h2>Soutien<\/h2><p>Il est \u00e9galement possible d&rsquo;obtenir un soutien et des conseils pour toute d\u00e9marche administrative qu&rsquo;un demandeur d&rsquo;asile ou un r\u00e9fugi\u00e9 doit entreprendre. Il peut s&rsquo;agir du renouvellement d&rsquo;un permis de protection internationale, d&rsquo;une demande de r\u00e9sidence, d&rsquo;une demande de regroupement familial ou d&rsquo;un enregistrement aupr\u00e8s du SSN. <\/p>\t\t\t\t\t\t\t\t<\/div>\n\t\t\t\t<\/div>\n\t\t<div class=\"elementor-element elementor-element-541e13b e-con-full e-flex e-con e-child\" data-id=\"541e13b\" data-element_type=\"container\" data-e-type=\"container\">\n\t\t\t\t<div class=\"elementor-element elementor-element-26987ef elementor-view-default elementor-widget elementor-widget-icon\" data-id=\"26987ef\" data-element_type=\"widget\" data-e-type=\"widget\" data-widget_type=\"icon.default\">\n\t\t\t\t\t\t\t<div class=\"elementor-icon-wrapper\">\n\t\t\t<div class=\"elementor-icon\">\n\t\t\t<svg xmlns=\"http:\/\/www.w3.org\/2000\/svg\" width=\"471\" height=\"471\" viewBox=\"0 0 471 471\" fill=\"none\"><path d=\"M0.849609 0.711182C0.849609 259.916 210.977 470.043 470.181 470.043V0.711182H0.849609Z\" fill=\"#FEA010\"><\/path><\/svg>\t\t\t<\/div>\n\t\t<\/div>\n\t\t\t\t\t\t<\/div>\n\t\t\t\t<div class=\"elementor-element elementor-element-4b7696a elementor-widget elementor-widget-text-editor\" data-id=\"4b7696a\" data-element_type=\"widget\" data-e-type=\"widget\" data-widget_type=\"text-editor.default\">\n\t\t\t\t\t\t\t\t\t<h2>L&rsquo;\u00e9ducation<\/h2><p>Il est \u00e9galement possible de se renseigner sur les d\u00e9marches \u00e0 effectuer pour s&rsquo;inscrire \u00e0 des cours scolaires, universitaires ou de formation. Le r\u00e9seau constitu\u00e9 par Mosaico, le bureau des \u00e9trangers de la ville de Turin, l&rsquo;association Franz Fanon et UniTo aide \u00e0 la recherche d&#8217;emploi, \u00e0 travers la constitution de CV et l&rsquo;orientation vers le monde du travail. <\/p>\t\t\t\t\t\t\t\t<\/div>\n\t\t\t\t<\/div>\n\t\t<div class=\"elementor-element elementor-element-2bdf993 e-con-full e-flex e-con e-child\" data-id=\"2bdf993\" data-element_type=\"container\" data-e-type=\"container\">\n\t\t\t\t<div class=\"elementor-element elementor-element-c97ea31 elementor-view-default elementor-widget elementor-widget-icon\" data-id=\"c97ea31\" data-element_type=\"widget\" data-e-type=\"widget\" data-widget_type=\"icon.default\">\n\t\t\t\t\t\t\t<div class=\"elementor-icon-wrapper\">\n\t\t\t<div class=\"elementor-icon\">\n\t\t\t<svg xmlns=\"http:\/\/www.w3.org\/2000\/svg\" id=\"Livello_1\" viewBox=\"0 0 511 511\"><defs><style>      .st0 {        fill: #217fcf;      }    <\/style><\/defs><path class=\"st0\" d=\"M.1,481.5l468.4,30.3,41.6-419.5L29.6,0,.1,481.5Z\"><\/path><\/svg>\t\t\t<\/div>\n\t\t<\/div>\n\t\t\t\t\t\t<\/div>\n\t\t\t\t<div class=\"elementor-element elementor-element-fa147c3 elementor-widget elementor-widget-text-editor\" data-id=\"fa147c3\" data-element_type=\"widget\" data-e-type=\"widget\" data-widget_type=\"text-editor.default\">\n\t\t\t\t\t\t\t\t\t<h2>Orientation<\/h2><p>Il est \u00e9galement possible d&rsquo;obtenir des informations sur les diff\u00e9rents services de la r\u00e9gion, notamment sur l&rsquo;acc\u00e8s aux services m\u00e9dicaux, psychologiques et sociaux, et un service juridique est \u00e9galement propos\u00e9 avec l&rsquo;aide d&rsquo;un avocat sp\u00e9cialis\u00e9 dans les pratiques d&rsquo;immigration.<\/p>\t\t\t\t\t\t\t\t<\/div>\n\t\t\t\t<\/div>\n\t\t<div class=\"elementor-element elementor-element-e6c47bb e-con-full e-flex e-con e-child\" data-id=\"e6c47bb\" data-element_type=\"container\" data-e-type=\"container\">\n\t\t\t\t<div class=\"elementor-element elementor-element-d0be16b elementor-view-default elementor-widget elementor-widget-icon\" data-id=\"d0be16b\" data-element_type=\"widget\" data-e-type=\"widget\" data-widget_type=\"icon.default\">\n\t\t\t\t\t\t\t<div class=\"elementor-icon-wrapper\">\n\t\t\t<div class=\"elementor-icon\">\n\t\t\t<svg xmlns=\"http:\/\/www.w3.org\/2000\/svg\" width=\"471\" height=\"471\" viewBox=\"0 0 471 471\" fill=\"none\"><path d=\"M0.849609 0.711182C0.849609 259.916 210.977 470.043 470.181 470.043V0.711182H0.849609Z\" fill=\"#FEA010\"><\/path><\/svg>\t\t\t<\/div>\n\t\t<\/div>\n\t\t\t\t\t\t<\/div>\n\t\t\t\t<div class=\"elementor-element elementor-element-d411500 elementor-widget elementor-widget-text-editor\" data-id=\"d411500\" data-element_type=\"widget\" data-e-type=\"widget\" data-widget_type=\"text-editor.default\">\n\t\t\t\t\t\t\t\t\t<h2>D\u00e9fense des int\u00e9r\u00eats<\/h2><p>L&rsquo;association Mosaico avec ses activit\u00e9s d&rsquo;information et d&rsquo;accompagnement des r\u00e9fugi\u00e9s a toujours b\u00e9n\u00e9fici\u00e9 du soutien d&rsquo;un avocat sp\u00e9cialis\u00e9 dans les migrations forc\u00e9es (membre de l&rsquo;ASGI) et de l&rsquo;appui du HCR sous la forme d&rsquo;un expert en int\u00e9gration.<\/p>\t\t\t\t\t\t\t\t<\/div>\n\t\t\t\t<\/div>\n\t\t<div class=\"elementor-element elementor-element-6fed956 e-con-full e-flex e-con e-child\" data-id=\"6fed956\" data-element_type=\"container\" data-e-type=\"container\">\n\t\t\t\t<div class=\"elementor-element elementor-element-7301181 elementor-view-default elementor-widget elementor-widget-icon\" data-id=\"7301181\" data-element_type=\"widget\" data-e-type=\"widget\" data-widget_type=\"icon.default\">\n\t\t\t\t\t\t\t<div class=\"elementor-icon-wrapper\">\n\t\t\t<div class=\"elementor-icon\">\n\t\t\t<svg xmlns=\"http:\/\/www.w3.org\/2000\/svg\" id=\"Livello_1\" viewBox=\"0 0 511 511\"><defs><style>      .st0 {        fill: #217fcf;      }    <\/style><\/defs><path class=\"st0\" d=\"M.1,481.5l468.4,30.3,41.6-419.5L29.6,0,.1,481.5Z\"><\/path><\/svg>\t\t\t<\/div>\n\t\t<\/div>\n\t\t\t\t\t\t<\/div>\n\t\t\t\t<div class=\"elementor-element elementor-element-46e94f9 elementor-widget elementor-widget-text-editor\" data-id=\"46e94f9\" data-element_type=\"widget\" data-e-type=\"widget\" data-widget_type=\"text-editor.default\">\n\t\t\t\t\t\t\t\t\t<h2>Compteur<\/h2><p>Le bureau d&rsquo;information de Mosaico repr\u00e9sente une nouvelle r\u00e9alit\u00e9 sur la sc\u00e8ne turinoise, notamment gr\u00e2ce \u00e0 ses caract\u00e9ristiques de lieu de partage avec d&rsquo;autres personnes ayant d\u00e9j\u00e0 v\u00e9cu des situations difficiles en raison de leur statut migratoire et aux services personnalis\u00e9s qui y sont propos\u00e9s.<\/p>\t\t\t\t\t\t\t\t<\/div>\n\t\t\t\t<\/div>\n\t\t\t\t\t<\/div>\n\t\t\t\t<\/div>\n\t\t\t\t<\/div>\n\t\t","protected":false},"excerpt":{"rendered":"<p>Dans une grande ville comme Turin, il est souvent compliqu\u00e9 pour un demandeur d&rsquo;asile ou un r\u00e9fugi\u00e9 d&rsquo;entrer en contact avec des services d&rsquo;orientation et de conseil individualis\u00e9s. Tr\u00e8s souvent, en effet, les quelques services existants sont d\u00e9bord\u00e9s par la n\u00e9cessit\u00e9 de \u00ab\u00a0traiter\u00a0\u00bb un grand nombre de demandes, en partie \u00e0 cause de l&rsquo;insuffisance ou [&hellip;]<\/p>\n","protected":false},"author":1,"featured_media":0,"parent":598,"menu_order":0,"comment_status":"closed","ping_status":"closed","template":"","meta":{"footnotes":""},"class_list":["post-617","page","type-page","status-publish","hentry"],"_links":{"self":[{"href":"https:\/\/mosaicorefugees.org\/fr\/wp-json\/wp\/v2\/pages\/617","targetHints":{"allow":["GET"]}}],"collection":[{"href":"https:\/\/mosaicorefugees.org\/fr\/wp-json\/wp\/v2\/pages"}],"about":[{"href":"https:\/\/mosaicorefugees.org\/fr\/wp-json\/wp\/v2\/types\/page"}],"author":[{"embeddable":true,"href":"https:\/\/mosaicorefugees.org\/fr\/wp-json\/wp\/v2\/users\/1"}],"replies":[{"embeddable":true,"href":"https:\/\/mosaicorefugees.org\/fr\/wp-json\/wp\/v2\/comments?post=617"}],"version-history":[{"count":6,"href":"https:\/\/mosaicorefugees.org\/fr\/wp-json\/wp\/v2\/pages\/617\/revisions"}],"predecessor-version":[{"id":4243,"href":"https:\/\/mosaicorefugees.org\/fr\/wp-json\/wp\/v2\/pages\/617\/revisions\/4243"}],"up":[{"embeddable":true,"href":"https:\/\/mosaicorefugees.org\/fr\/wp-json\/wp\/v2\/pages\/598"}],"wp:attachment":[{"href":"https:\/\/mosaicorefugees.org\/fr\/wp-json\/wp\/v2\/media?parent=617"}],"curies":[{"name":"wp","href":"https:\/\/api.w.org\/{rel}","templated":true}]}}