{"id":619,"date":"2019-08-02T12:39:33","date_gmt":"2019-08-02T10:39:33","guid":{"rendered":"https:\/\/mosaicorefugees.org\/oasis\/"},"modified":"2025-11-14T15:08:46","modified_gmt":"2025-11-14T14:08:46","slug":"oasis","status":"publish","type":"page","link":"https:\/\/mosaicorefugees.org\/fr\/projets\/oasis\/","title":{"rendered":"Oasis &#8211; M\u00e9diation sociale"},"content":{"rendered":"\t\t<div data-elementor-type=\"wp-page\" data-elementor-id=\"619\" class=\"elementor elementor-619 elementor-87\" data-elementor-post-type=\"page\">\n\t\t\t\t<div class=\"elementor-element elementor-element-39685fe e-flex e-con-boxed e-con e-parent\" data-id=\"39685fe\" data-element_type=\"container\" data-e-type=\"container\">\n\t\t\t\t\t<div class=\"e-con-inner\">\n\t\t<div class=\"elementor-element elementor-element-cfd9f33 e-con-full e-flex e-con e-child\" data-id=\"cfd9f33\" data-element_type=\"container\" data-e-type=\"container\">\n\t\t\t\t<div class=\"elementor-element elementor-element-c0fa00c elementor-widget elementor-widget-text-editor\" data-id=\"c0fa00c\" data-element_type=\"widget\" data-e-type=\"widget\" data-widget_type=\"text-editor.default\">\n\t\t\t\t\t\t\t\t\t<h2>La m\u00e9thodologie<\/h2><p><span style=\"font-weight: 400;\">La m\u00e9thodologie de la m\u00e9diation sociale, qui ne se limite pas \u00e0 donner des r\u00e9ponses imm\u00e9diates mais construit des relations de confiance, facilite l&rsquo;acc\u00e8s aux services et pr\u00e9vient l&rsquo;isolement, est \u00e0 la base de cette d\u00e9marche. Les m\u00e9diateurs de Mosaico, qui ont une exp\u00e9rience directe de l&rsquo;asile, travaillent avec l&rsquo;\u00e9coute active, la proximit\u00e9 et l&rsquo;accompagnement, en se concentrant sur les ressources des personnes et pas seulement sur leurs difficult\u00e9s. Cette approche permet de traiter des situations complexes &#8211; comme celles li\u00e9es au logement, \u00e0 la sant\u00e9 ou au travail &#8211; et d&rsquo;\u00e9viter que de petites barri\u00e8res ne se transforment en exclusion.  <\/span><\/p>\t\t\t\t\t\t\t\t<\/div>\n\t\t\t\t<div class=\"elementor-element elementor-element-04528b1 elementor-widget elementor-widget-button\" data-id=\"04528b1\" data-element_type=\"widget\" data-e-type=\"widget\" data-widget_type=\"button.default\">\n\t\t\t\t\t\t\t\t\t\t<a class=\"elementor-button elementor-button-link elementor-size-sm\" href=\"https:\/\/play.google.com\/store\/apps\/details?id=it.oasi_mosaico\" target=\"_blank\" rel=\"noopener\">\n\t\t\t\t\t\t<span class=\"elementor-button-content-wrapper\">\n\t\t\t\t\t\t\t\t\t<span class=\"elementor-button-text\">T\u00e9l\u00e9chargez l'application AVS<\/span>\n\t\t\t\t\t<\/span>\n\t\t\t\t\t<\/a>\n\t\t\t\t\t\t\t\t<\/div>\n\t\t\t\t<\/div>\n\t\t<div class=\"elementor-element elementor-element-8293cf9 e-con-full e-flex e-con e-child\" data-id=\"8293cf9\" data-element_type=\"container\" data-e-type=\"container\">\n\t\t\t\t<div class=\"elementor-element elementor-element-cdd2572 elementor-widget elementor-widget-image\" data-id=\"cdd2572\" data-element_type=\"widget\" data-e-type=\"widget\" data-widget_type=\"image.default\">\n\t\t\t\t\t\t\t\t\t\t\t\t\t\t\t<img fetchpriority=\"high\" decoding=\"async\" width=\"800\" height=\"530\" src=\"https:\/\/mosaicorefugees.org\/wp-content\/uploads\/2019\/12\/oasi-immagine.jpg\" class=\"attachment-large size-large wp-image-1021\" alt=\"\" srcset=\"https:\/\/mosaicorefugees.org\/wp-content\/uploads\/2019\/12\/oasi-immagine.jpg 948w, https:\/\/mosaicorefugees.org\/wp-content\/uploads\/2019\/12\/oasi-immagine-300x199.jpg 300w, https:\/\/mosaicorefugees.org\/wp-content\/uploads\/2019\/12\/oasi-immagine-768x509.jpg 768w, https:\/\/mosaicorefugees.org\/wp-content\/uploads\/2019\/12\/oasi-immagine-700x464.jpg 700w\" sizes=\"(max-width: 800px) 100vw, 800px\" \/>\t\t\t\t\t\t\t\t\t\t\t\t\t\t\t<\/div>\n\t\t\t\t<\/div>\n\t\t\t\t\t<\/div>\n\t\t\t\t<\/div>\n\t\t<div class=\"elementor-element elementor-element-5dfebb0 e-flex e-con-boxed e-con e-parent\" data-id=\"5dfebb0\" data-element_type=\"container\" data-e-type=\"container\">\n\t\t\t\t\t<div class=\"e-con-inner\">\n\t\t\t\t<div class=\"elementor-element elementor-element-80aa411 elementor-widget elementor-widget-text-editor\" data-id=\"80aa411\" data-element_type=\"widget\" data-e-type=\"widget\" data-widget_type=\"text-editor.default\">\n\t\t\t\t\t\t\t\t\t<p><span style=\"font-weight: 400;\">L&rsquo;OASI se d\u00e9place dans diff\u00e9rents endroits de la ville. Il y a le travail de rue, actif dans les quartiers d&rsquo;Aurora, Porta Palazzo, Barriera di Milano, Porta Nuova et Porta Susa, o\u00f9 les m\u00e9diateurs rencontrent ceux qui restent souvent en dehors des services formels. Il y a le    <\/span><b>L&rsquo;espace de m\u00e9diation sociale Mbongui<\/b><span style=\"font-weight: 400;\">situ\u00e9 Via San Pio V 17b, a commenc\u00e9 comme un point d&rsquo;information et est aujourd&rsquo;hui un point de r\u00e9f\u00e9rence multidisciplinaire pour ceux qui recherchent des conseils juridiques, une orientation bureaucratique et sociale, un soutien sanitaire ou simplement un lieu accueillant pour \u00eatre \u00e9cout\u00e9. <\/span> <\/p>\t\t\t\t\t\t\t\t<\/div>\n\t\t\t\t\t<\/div>\n\t\t\t\t<\/div>\n\t\t<div class=\"elementor-element elementor-element-13b2e28 e-flex e-con-boxed e-con e-parent\" data-id=\"13b2e28\" data-element_type=\"container\" data-e-type=\"container\">\n\t\t\t\t\t<div class=\"e-con-inner\">\n\t\t<div class=\"elementor-element elementor-element-11a1b99 e-con-full e-flex e-con e-child\" data-id=\"11a1b99\" data-element_type=\"container\" data-e-type=\"container\">\n\t\t\t\t<div class=\"elementor-element elementor-element-0ee730b elementor-widget elementor-widget-text-editor\" data-id=\"0ee730b\" data-element_type=\"widget\" data-e-type=\"widget\" data-widget_type=\"text-editor.default\">\n\t\t\t\t\t\t\t\t\t<h3>Mise en r\u00e9seau et collaboration<\/h3><p><span style=\"font-weight: 400;\">Parall\u00e8lement \u00e0 ses activit\u00e9s quotidiennes, OASI s&rsquo;appuie sur un r\u00e9seau de collaborations qui <strong>renforce l&rsquo;impact du projet :<\/strong> de la <strong>Clinique des droits des migrants<\/strong> du Coll\u00e8ge universitaire international de Turin, pr\u00e9sente dans l&rsquo;espace, \u00e0 l&rsquo;<strong>Association Frantz Fanon<\/strong>, des <strong>Maisons de quartier<\/strong> aux institutions de la ville. Cette mise en r\u00e9seau permet de mieux r\u00e9pondre aux besoins des personnes et de pr\u00e9venir les formes de marginalit\u00e9. <\/span><\/p>\t\t\t\t\t\t\t\t<\/div>\n\t\t\t\t<\/div>\n\t\t<div class=\"elementor-element elementor-element-6750aea e-con-full e-flex e-con e-child\" data-id=\"6750aea\" data-element_type=\"container\" data-e-type=\"container\">\n\t\t\t\t<div class=\"elementor-element elementor-element-3f2d7ec elementor-widget elementor-widget-text-editor\" data-id=\"3f2d7ec\" data-element_type=\"widget\" data-e-type=\"widget\" data-widget_type=\"text-editor.default\">\n\t\t\t\t\t\t\t\t\t<h3>Orientation territoriale<\/h3><p>Le c\u0153ur de l&rsquo;OASI est son orientation vers le territoire. La m\u00e9diation sociale, pour nous, c&rsquo;est <g id=\"gid_0\">\u00eatre capable de lire la ville et d&rsquo;y ouvrir des chemins.<\/g> Il ne s&rsquo;agit pas d&rsquo;un bureau avec de la paperasse et des formulaires, mais d&rsquo;un savoir vivant qui se d\u00e9place dans les quartiers, entre les personnes et les services. Le <strong>m\u00e9diateur<\/strong> ne porte pas un stylo et un carnet, il <strong>apporte la connaissance :<\/strong> des rues, des lieux, des possibilit\u00e9s que Turin cache et qui restent souvent invisibles \u00e0 ceux qui arrivent.  <\/p>\t\t\t\t\t\t\t\t<\/div>\n\t\t\t\t<\/div>\n\t\t\t\t\t<\/div>\n\t\t\t\t<\/div>\n\t\t<div class=\"elementor-element elementor-element-837db09 e-flex e-con-boxed e-con e-parent\" data-id=\"837db09\" data-element_type=\"container\" data-e-type=\"container\" data-settings=\"{&quot;background_background&quot;:&quot;classic&quot;}\">\n\t\t\t\t\t<div class=\"e-con-inner\">\n\t\t<div class=\"elementor-element elementor-element-9ec6f56 e-con-full e-flex e-con e-child\" data-id=\"9ec6f56\" data-element_type=\"container\" data-e-type=\"container\">\n\t\t\t\t<div class=\"elementor-element elementor-element-912cb21 elementor-widget elementor-widget-text-editor\" data-id=\"912cb21\" data-element_type=\"widget\" data-e-type=\"widget\" data-widget_type=\"text-editor.default\">\n\t\t\t\t\t\t\t\t\t<h2>Nous soutenons les parcours d&rsquo;autonomie<\/h2><p><span style=\"font-weight: 400;\">Dans la rue comme dans l&rsquo;espace Mbongui, le <strong>m\u00e9diateur<\/strong> fonctionne ainsi : il \u00e9coute, recueille des fragments de vie, restitue des informations qui deviennent des outils d&rsquo;orientation. Il est un <strong>distributeur itin\u00e9rant de connexions<\/strong>, un pont qui transforme les questions en chemins possibles. Chaque ann\u00e9e, des centaines de personnes qui risqueraient de tomber dans la marginalit\u00e9 trouvent un soutien aupr\u00e8s de l&rsquo;OASI.    <\/span><span style=\"font-weight: 400;\">Il s&rsquo;agit parfois d&rsquo;un renouvellement de titre de s\u00e9jour, parfois d&rsquo;un rendez-vous m\u00e9dical, d&rsquo;une adresse de logement, ou tout simplement d&rsquo;un lieu o\u00f9 l&rsquo;on ne se sent pas invisible. Des petits gestes qui, ensemble, construisent un chemin vers l&rsquo;autonomie. <\/span><\/p>\t\t\t\t\t\t\t\t<\/div>\n\t\t\t\t<\/div>\n\t\t<div class=\"elementor-element elementor-element-c1e689e e-con-full e-flex e-con e-child\" data-id=\"c1e689e\" data-element_type=\"container\" data-e-type=\"container\">\n\t\t\t\t<div class=\"elementor-element elementor-element-198fdf5 elementor-widget elementor-widget-video\" data-id=\"198fdf5\" data-element_type=\"widget\" data-e-type=\"widget\" data-settings=\"{&quot;video_type&quot;:&quot;vimeo&quot;}\" data-widget_type=\"video.default\">\n\t\t\t\t\t\t\t<div class=\"elementor-wrapper elementor-open-inline\">\n\t\t\t<iframe class=\"elementor-video-iframe\" allowfullscreen allow=\"clipboard-write\" title=\"Lecteur vid\u00e9o vimeo\" src=\"https:\/\/player.vimeo.com\/video\/360258919?color&amp;autopause=0&amp;loop=0&amp;muted=0&amp;title=1&amp;portrait=1&amp;byline=1#t=\"><\/iframe>\t\t<\/div>\n\t\t\t\t\t\t<\/div>\n\t\t\t\t<\/div>\n\t\t\t\t\t<\/div>\n\t\t\t\t<\/div>\n\t\t<div class=\"elementor-element elementor-element-9ca6b16 e-flex e-con-boxed e-con e-parent\" data-id=\"9ca6b16\" data-element_type=\"container\" data-e-type=\"container\">\n\t\t\t\t\t<div class=\"e-con-inner\">\n\t\t\t\t<div class=\"elementor-element elementor-element-f047419 elementor-widget elementor-widget-text-editor\" data-id=\"f047419\" data-element_type=\"widget\" data-e-type=\"widget\" data-widget_type=\"text-editor.default\">\n\t\t\t\t\t\t\t\t\t<h2>Le projet et son importance<\/h2><p><span style=\"font-weight: 400;\">Le projet vit \u00e9galement gr\u00e2ce au soutien de la <\/span><b>Fondation Compagnia di San Paolo<\/b><span style=\"font-weight: 400;\">qui n&rsquo;est pas seulement un bailleur de fonds mais un compagnon de route : elle participe au suivi, partage le souci de la qualit\u00e9 du travail et renforce la confiance qui rend ce voyage possible.<\/span><\/p><p><span style=\"font-weight: 400;\">L&rsquo;OASI est, en fin de compte, ceci : un travail silencieux de proximit\u00e9, fait d&rsquo;\u00e9coute et de cartes vivantes. Une pr\u00e9sence qui ne se contente pas de combler les lacunes, mais qui accompagne les migrants pour qu&rsquo;ils deviennent les protagonistes de leur propre voyage, capables d&rsquo;utiliser la ville et ses ressources comme un espace de possibilit\u00e9s partag\u00e9es. <\/span><\/p>\t\t\t\t\t\t\t\t<\/div>\n\t\t\t\t<div class=\"elementor-element elementor-element-20fb147 elementor-widget elementor-widget-button\" data-id=\"20fb147\" data-element_type=\"widget\" data-e-type=\"widget\" data-widget_type=\"button.default\">\n\t\t\t\t\t\t\t\t\t\t<a class=\"elementor-button elementor-button-link elementor-size-sm\" href=\"https:\/\/play.google.com\/store\/apps\/details?id=it.oasi_mosaico\" target=\"_blank\" rel=\"noopener\">\n\t\t\t\t\t\t<span class=\"elementor-button-content-wrapper\">\n\t\t\t\t\t\t\t\t\t<span class=\"elementor-button-text\">T\u00e9l\u00e9charger \u00e0 partir de Play Store<\/span>\n\t\t\t\t\t<\/span>\n\t\t\t\t\t<\/a>\n\t\t\t\t\t\t\t\t<\/div>\n\t\t\t\t\t<\/div>\n\t\t\t\t<\/div>\n\t\t<div class=\"elementor-element elementor-element-2d462f4 e-flex e-con-boxed e-con e-parent\" data-id=\"2d462f4\" data-element_type=\"container\" data-e-type=\"container\">\n\t\t\t\t\t<div class=\"e-con-inner\">\n\t\t\t\t<div class=\"elementor-element elementor-element-0c48ead elementor-widget elementor-widget-template\" data-id=\"0c48ead\" data-element_type=\"widget\" data-e-type=\"widget\" data-widget_type=\"template.default\">\n\t\t\t\t<div class=\"elementor-widget-container\">\n\t\t\t\t\t\t\t<div class=\"elementor-template\">\n\t\t\t\t\t<div data-elementor-type=\"container\" data-elementor-id=\"3785\" class=\"elementor elementor-3785 elementor-3429 elementor-3429\" data-elementor-post-type=\"elementor_library\">\n\t\t\t\t<div class=\"elementor-element elementor-element-5848cbc2 e-flex e-con-boxed e-con e-parent\" data-id=\"5848cbc2\" data-element_type=\"container\" data-e-type=\"container\">\n\t\t\t\t\t<div class=\"e-con-inner\">\n\t\t<div class=\"elementor-element elementor-element-1e45565 e-con-full e-flex e-con e-child\" data-id=\"1e45565\" data-element_type=\"container\" data-e-type=\"container\">\n\t\t\t\t<div class=\"elementor-element elementor-element-3df23457 elementor-widget elementor-widget-heading\" data-id=\"3df23457\" data-element_type=\"widget\" data-e-type=\"widget\" data-widget_type=\"heading.default\">\n\t\t\t\t\t<h2 class=\"elementor-heading-title elementor-size-default\">L'application : OASIS dans la rue<\/h2>\t\t\t\t<\/div>\n\t\t\t\t<div class=\"elementor-element elementor-element-178c4f86 elementor-widget elementor-widget-text-editor\" data-id=\"178c4f86\" data-element_type=\"widget\" data-e-type=\"widget\" data-widget_type=\"text-editor.default\">\n\t\t\t\t\t\t\t\t\t<p><strong>OASI on the street<\/strong> est l&rsquo;appli de Mosaico qui permet d&rsquo;<strong>orienter et d&rsquo;accompagner<\/strong> les personnes en transit et\/ou en d\u00e9tresse sociale. L&rsquo;application AVS offre \u00e0 la fois un moment de r\u00e9pit et des informations, facteurs n\u00e9cessaires pour prendre des d\u00e9cisions bas\u00e9es sur la clart\u00e9 et non sur le d\u00e9sespoir.  <\/p>\t\t\t\t\t\t\t\t<\/div>\n\t\t\t\t<\/div>\n\t\t<div class=\"elementor-element elementor-element-3c94637f e-con-full e-flex e-con e-child\" data-id=\"3c94637f\" data-element_type=\"container\" data-e-type=\"container\">\n\t\t\t\t<div class=\"elementor-element elementor-element-3cf852eb elementor-widget elementor-widget-image\" data-id=\"3cf852eb\" data-element_type=\"widget\" data-e-type=\"widget\" data-widget_type=\"image.default\">\n\t\t\t\t\t\t\t\t\t\t\t\t\t\t\t<img decoding=\"async\" width=\"480\" height=\"480\" src=\"https:\/\/mosaicorefugees.org\/wp-content\/uploads\/2025\/10\/App-OASI-Mosaico-Refugees.png\" class=\"attachment-large size-large wp-image-3295\" alt=\"\" srcset=\"https:\/\/mosaicorefugees.org\/wp-content\/uploads\/2025\/10\/App-OASI-Mosaico-Refugees.png 480w, https:\/\/mosaicorefugees.org\/wp-content\/uploads\/2025\/10\/App-OASI-Mosaico-Refugees-300x300.png 300w, https:\/\/mosaicorefugees.org\/wp-content\/uploads\/2025\/10\/App-OASI-Mosaico-Refugees-150x150.png 150w\" sizes=\"(max-width: 480px) 100vw, 480px\" \/>\t\t\t\t\t\t\t\t\t\t\t\t\t\t\t<\/div>\n\t\t\t\t<div class=\"elementor-element elementor-element-4012cb8b elementor-widget elementor-widget-image\" data-id=\"4012cb8b\" data-element_type=\"widget\" data-e-type=\"widget\" data-widget_type=\"image.default\">\n\t\t\t\t\t\t\t\t\t\t\t\t\t\t\t\t<a href=\"https:\/\/play.google.com\/store\/apps\/details?id=it.oasi_mosaico\" target=\"_blank\" rel=\"noopener\">\n\t\t\t\t\t\t\t<img decoding=\"async\" width=\"800\" height=\"238\" src=\"https:\/\/mosaicorefugees.org\/wp-content\/uploads\/2025\/10\/App-OASI-Mosaico-Refugees-Google-Play-1024x304.png\" class=\"attachment-large size-large wp-image-3290\" alt=\"\" srcset=\"https:\/\/mosaicorefugees.org\/wp-content\/uploads\/2025\/10\/App-OASI-Mosaico-Refugees-Google-Play-1024x304.png 1024w, https:\/\/mosaicorefugees.org\/wp-content\/uploads\/2025\/10\/App-OASI-Mosaico-Refugees-Google-Play-300x89.png 300w, https:\/\/mosaicorefugees.org\/wp-content\/uploads\/2025\/10\/App-OASI-Mosaico-Refugees-Google-Play-768x228.png 768w, https:\/\/mosaicorefugees.org\/wp-content\/uploads\/2025\/10\/App-OASI-Mosaico-Refugees-Google-Play.png 1200w\" sizes=\"(max-width: 800px) 100vw, 800px\" \/>\t\t\t\t\t\t\t\t<\/a>\n\t\t\t\t\t\t\t\t\t\t\t\t\t\t\t<\/div>\n\t\t\t\t<\/div>\n\t\t\t\t\t<\/div>\n\t\t\t\t<\/div>\n\t\t\t\t<\/div>\n\t\t\t\t<\/div>\n\t\t\t\t\t\t<\/div>\n\t\t\t\t<\/div>\n\t\t\t\t\t<\/div>\n\t\t\t\t<\/div>\n\t\t\t\t<\/div>\n\t\t","protected":false},"excerpt":{"rendered":"<p>OASI (Orientamento, Ascolto, Sostegno e Inclusione) est le projet avec lequel Mosaico effectue un travail de proximit\u00e9 quotidien avec les demandeurs d&rsquo;asile, les r\u00e9fugi\u00e9s et les personnes en situation de vuln\u00e9rabilit\u00e9 \u00e0 Turin.  <\/p>\n","protected":false},"author":1,"featured_media":0,"parent":598,"menu_order":0,"comment_status":"closed","ping_status":"closed","template":"","meta":{"footnotes":""},"class_list":["post-619","page","type-page","status-publish","hentry"],"_links":{"self":[{"href":"https:\/\/mosaicorefugees.org\/fr\/wp-json\/wp\/v2\/pages\/619","targetHints":{"allow":["GET"]}}],"collection":[{"href":"https:\/\/mosaicorefugees.org\/fr\/wp-json\/wp\/v2\/pages"}],"about":[{"href":"https:\/\/mosaicorefugees.org\/fr\/wp-json\/wp\/v2\/types\/page"}],"author":[{"embeddable":true,"href":"https:\/\/mosaicorefugees.org\/fr\/wp-json\/wp\/v2\/users\/1"}],"replies":[{"embeddable":true,"href":"https:\/\/mosaicorefugees.org\/fr\/wp-json\/wp\/v2\/comments?post=619"}],"version-history":[{"count":12,"href":"https:\/\/mosaicorefugees.org\/fr\/wp-json\/wp\/v2\/pages\/619\/revisions"}],"predecessor-version":[{"id":4327,"href":"https:\/\/mosaicorefugees.org\/fr\/wp-json\/wp\/v2\/pages\/619\/revisions\/4327"}],"up":[{"embeddable":true,"href":"https:\/\/mosaicorefugees.org\/fr\/wp-json\/wp\/v2\/pages\/598"}],"wp:attachment":[{"href":"https:\/\/mosaicorefugees.org\/fr\/wp-json\/wp\/v2\/media?parent=619"}],"curies":[{"name":"wp","href":"https:\/\/api.w.org\/{rel}","templated":true}]}}