{"id":635,"date":"2019-08-02T12:40:06","date_gmt":"2019-08-02T10:40:06","guid":{"rendered":"https:\/\/mosaicorefugees.org\/champs-dete-et-activites-de-socialisation\/"},"modified":"2025-11-14T15:08:17","modified_gmt":"2025-11-14T14:08:17","slug":"champs-dete-et-activites-de-socialisation","status":"publish","type":"page","link":"https:\/\/mosaicorefugees.org\/fr\/projets\/champs-dete-et-activites-de-socialisation\/","title":{"rendered":"champs d&rsquo;\u00e9t\u00e9 et activit\u00e9s de socialisation"},"content":{"rendered":"\t\t<div data-elementor-type=\"wp-page\" data-elementor-id=\"635\" class=\"elementor elementor-635 elementor-89\" data-elementor-post-type=\"page\">\n\t\t\t\t<div class=\"elementor-element elementor-element-51537858 e-flex e-con-boxed e-con e-parent\" data-id=\"51537858\" data-element_type=\"container\" data-e-type=\"container\">\n\t\t\t\t\t<div class=\"e-con-inner\">\n\t\t\t\t<div class=\"elementor-element elementor-element-d00b87e elementor-widget elementor-widget-text-editor\" data-id=\"d00b87e\" data-element_type=\"widget\" data-e-type=\"widget\" data-widget_type=\"text-editor.default\">\n\t\t\t\t\t\t\t\t\t<p>La possibilit\u00e9 de tisser de <strong>nouveaux r\u00e9seaux relationnels<\/strong>, d&rsquo;<strong>\u00e9changer des opinions<\/strong> et de <strong>partager des<\/strong> exp\u00e9riences h\u00e9t\u00e9rog\u00e8nes en termes d&rsquo;\u00e2ge, d&rsquo;<strong>exp\u00e9rience<\/strong> et d&rsquo;<strong>origine<\/strong> repr\u00e9sente un motif important de croissance personnelle pour ceux qui se mettent en jeu dans des exp\u00e9riences communautaires et de formation, dans des contextes o\u00f9 la diversit\u00e9 repr\u00e9sente une valeur ajout\u00e9e.<\/p><p>L&rsquo;exp\u00e9rience acquise par l&rsquo;association Mosaico ces derni\u00e8res ann\u00e9es avec l&rsquo;implication des r\u00e9fugi\u00e9s et de leurs familles dans les activit\u00e9s agr\u00e9gatives des camps d&rsquo;\u00e9t\u00e9 organis\u00e9s par le <strong>Centre \u0153cum\u00e9nique Agape<\/strong> et le <strong>Service Jeunesse et Territoire de la Commission synodale pour la diaconie vaudoise<\/strong>, a montr\u00e9, d&rsquo;apr\u00e8s ce qui ressort des t\u00e9moignages et des relations construites par les personnes int\u00e9ressantes apr\u00e8s leur participation aux camps, qu&rsquo;au-del\u00e0 du soutien social utile pour r\u00e9pondre aux besoins imm\u00e9diats, il est important de le combiner avec des moments qui peuvent aider les r\u00e9fugi\u00e9s \u00e0 reconstruire de nouveaux liens.<\/p><p>La possibilit\u00e9 de tisser de <strong>nouveaux r\u00e9seaux relationnels<\/strong>, d&rsquo;<strong>\u00e9changer des opinions<\/strong> et de <strong>partager des<\/strong> exp\u00e9riences h\u00e9t\u00e9rog\u00e8nes en termes d&rsquo;\u00e2ge, d&rsquo;<strong>exp\u00e9rience<\/strong> et d&rsquo;<strong>origine<\/strong> repr\u00e9sente un motif important de croissance personnelle pour ceux qui se mettent en jeu dans des exp\u00e9riences communautaires et de formation, dans des contextes o\u00f9 la diversit\u00e9 repr\u00e9sente une valeur ajout\u00e9e.<\/p>\t\t\t\t\t\t\t\t<\/div>\n\t\t\t\t<div class=\"elementor-element elementor-element-ebb37c2 elementor-widget elementor-widget-text-editor\" data-id=\"ebb37c2\" data-element_type=\"widget\" data-e-type=\"widget\" data-widget_type=\"text-editor.default\">\n\t\t\t\t\t\t\t\t\t<h2>L&rsquo;action Mosaic<\/h2><p>Ces derni\u00e8res ann\u00e9es, l&rsquo;association Mosaico a tent\u00e9 d&rsquo;offrir des espaces permettant aux r\u00e9fugi\u00e9s de s&rsquo;impliquer et de <strong>cr\u00e9er de nouvelles relations dans un nouveau contexte social<\/strong> o\u00f9 tout est \u00e0 recommencer. Pour les r\u00e9fugi\u00e9s \/ et, en particulier, la participation au <strong>Camp Politique International<\/strong> \u00e9tait un espace d&rsquo;expression qui manque souvent dans la voie sociale \u00e0 Turin. En 2016, l&rsquo;association Mosaico a \u00e9t\u00e9 impliqu\u00e9e par le personnel du <strong>Centre \u0153cum\u00e9nique Agape<\/strong> dans l&rsquo;organisation du <strong>camp politique<\/strong> auquel 10 r\u00e9fugi\u00e9s de diff\u00e9rentes nationalit\u00e9s ont activement particip\u00e9.<\/p>\t\t\t\t\t\t\t\t<\/div>\n\t\t\t\t<div class=\"elementor-element elementor-element-da2ebd4 elementor-widget elementor-widget-gallery\" data-id=\"da2ebd4\" data-element_type=\"widget\" data-e-type=\"widget\" data-settings=\"{&quot;columns&quot;:3,&quot;lazyload&quot;:&quot;yes&quot;,&quot;gallery_layout&quot;:&quot;grid&quot;,&quot;columns_tablet&quot;:2,&quot;columns_mobile&quot;:1,&quot;gap&quot;:{&quot;unit&quot;:&quot;px&quot;,&quot;size&quot;:10,&quot;sizes&quot;:[]},&quot;gap_tablet&quot;:{&quot;unit&quot;:&quot;px&quot;,&quot;size&quot;:10,&quot;sizes&quot;:[]},&quot;gap_mobile&quot;:{&quot;unit&quot;:&quot;px&quot;,&quot;size&quot;:10,&quot;sizes&quot;:[]},&quot;link_to&quot;:&quot;file&quot;,&quot;aspect_ratio&quot;:&quot;3:2&quot;,&quot;overlay_background&quot;:&quot;yes&quot;,&quot;content_hover_animation&quot;:&quot;fade-in&quot;}\" data-widget_type=\"gallery.default\">\n\t\t\t\t\t\t\t<div class=\"elementor-gallery__container\">\n\t\t\t\t\t\t\t<a class=\"e-gallery-item elementor-gallery-item elementor-animated-content\" href=\"https:\/\/mosaicorefugees.org\/wp-content\/uploads\/2019\/12\/3.jpg\" data-elementor-open-lightbox=\"yes\" data-elementor-lightbox-slideshow=\"da2ebd4\" data-elementor-lightbox-title=\"3\" data-e-action-hash=\"#elementor-action%3Aaction%3Dlightbox%26settings%3DeyJpZCI6MTAwNywidXJsIjoiaHR0cHM6XC9cL21vc2FpY29yZWZ1Z2Vlcy5vcmdcL3dwLWNvbnRlbnRcL3VwbG9hZHNcLzIwMTlcLzEyXC8zLmpwZyIsInNsaWRlc2hvdyI6ImRhMmViZDQifQ%3D%3D\">\n\t\t\t\t\t<div class=\"e-gallery-image elementor-gallery-item__image\" data-thumbnail=\"https:\/\/mosaicorefugees.org\/wp-content\/uploads\/2019\/12\/3.jpg\" data-width=\"800\" data-height=\"537\" aria-label=\"\" role=\"img\" ><\/div>\n\t\t\t\t\t\t\t\t\t\t\t<div class=\"elementor-gallery-item__overlay\"><\/div>\n\t\t\t\t\t\t\t\t\t\t\t\t\t\t<\/a>\n\t\t\t\t\t\t\t<a class=\"e-gallery-item elementor-gallery-item elementor-animated-content\" href=\"https:\/\/mosaicorefugees.org\/wp-content\/uploads\/2019\/12\/2.jpg\" data-elementor-open-lightbox=\"yes\" data-elementor-lightbox-slideshow=\"da2ebd4\" data-elementor-lightbox-title=\"2\" data-e-action-hash=\"#elementor-action%3Aaction%3Dlightbox%26settings%3DeyJpZCI6MTAwMywidXJsIjoiaHR0cHM6XC9cL21vc2FpY29yZWZ1Z2Vlcy5vcmdcL3dwLWNvbnRlbnRcL3VwbG9hZHNcLzIwMTlcLzEyXC8yLmpwZyIsInNsaWRlc2hvdyI6ImRhMmViZDQifQ%3D%3D\">\n\t\t\t\t\t<div class=\"e-gallery-image elementor-gallery-item__image\" data-thumbnail=\"https:\/\/mosaicorefugees.org\/wp-content\/uploads\/2019\/12\/2.jpg\" data-width=\"800\" data-height=\"548\" aria-label=\"\" role=\"img\" ><\/div>\n\t\t\t\t\t\t\t\t\t\t\t<div class=\"elementor-gallery-item__overlay\"><\/div>\n\t\t\t\t\t\t\t\t\t\t\t\t\t\t<\/a>\n\t\t\t\t\t\t\t<a class=\"e-gallery-item elementor-gallery-item elementor-animated-content\" href=\"https:\/\/mosaicorefugees.org\/wp-content\/uploads\/2019\/12\/1.jpg\" data-elementor-open-lightbox=\"yes\" data-elementor-lightbox-slideshow=\"da2ebd4\" data-elementor-lightbox-title=\"1\" data-e-action-hash=\"#elementor-action%3Aaction%3Dlightbox%26settings%3DeyJpZCI6OTk5LCJ1cmwiOiJodHRwczpcL1wvbW9zYWljb3JlZnVnZWVzLm9yZ1wvd3AtY29udGVudFwvdXBsb2Fkc1wvMjAxOVwvMTJcLzEuanBnIiwic2xpZGVzaG93IjoiZGEyZWJkNCJ9\">\n\t\t\t\t\t<div class=\"e-gallery-image elementor-gallery-item__image\" data-thumbnail=\"https:\/\/mosaicorefugees.org\/wp-content\/uploads\/2019\/12\/1.jpg\" data-width=\"800\" data-height=\"551\" aria-label=\"\" role=\"img\" ><\/div>\n\t\t\t\t\t\t\t\t\t\t\t<div class=\"elementor-gallery-item__overlay\"><\/div>\n\t\t\t\t\t\t\t\t\t\t\t\t\t\t<\/a>\n\t\t\t\t\t<\/div>\n\t\t\t\t\t<\/div>\n\t\t\t\t<div class=\"elementor-element elementor-element-d3765fa elementor-widget elementor-widget-image\" data-id=\"d3765fa\" data-element_type=\"widget\" data-e-type=\"widget\" data-widget_type=\"image.default\">\n\t\t\t\t\t\t\t\t\t\t\t\t\t\t\t<img fetchpriority=\"high\" decoding=\"async\" width=\"800\" height=\"176\" src=\"https:\/\/mosaicorefugees.org\/wp-content\/uploads\/2019\/12\/sito_PANO_20140812_200216-1024x225.jpg\" class=\"attachment-large size-large wp-image-995\" alt=\"\" srcset=\"https:\/\/mosaicorefugees.org\/wp-content\/uploads\/2019\/12\/sito_PANO_20140812_200216-1024x225.jpg 1024w, https:\/\/mosaicorefugees.org\/wp-content\/uploads\/2019\/12\/sito_PANO_20140812_200216-300x66.jpg 300w, https:\/\/mosaicorefugees.org\/wp-content\/uploads\/2019\/12\/sito_PANO_20140812_200216-768x169.jpg 768w, https:\/\/mosaicorefugees.org\/wp-content\/uploads\/2019\/12\/sito_PANO_20140812_200216-700x154.jpg 700w\" sizes=\"(max-width: 800px) 100vw, 800px\" \/>\t\t\t\t\t\t\t\t\t\t\t\t\t\t\t<\/div>\n\t\t\t\t\t<\/div>\n\t\t\t\t<\/div>\n\t\t\t\t<\/div>\n\t\t","protected":false},"excerpt":{"rendered":"<p>Mosaico offre aux r\u00e9fugi\u00e9s des espaces pour s&rsquo;impliquer et cr\u00e9er de nouvelles relations dans un nouveau contexte social dans lequel ils doivent tout recommencer.<\/p>\n","protected":false},"author":1,"featured_media":0,"parent":598,"menu_order":0,"comment_status":"closed","ping_status":"closed","template":"","meta":{"footnotes":""},"class_list":["post-635","page","type-page","status-publish","hentry"],"_links":{"self":[{"href":"https:\/\/mosaicorefugees.org\/fr\/wp-json\/wp\/v2\/pages\/635","targetHints":{"allow":["GET"]}}],"collection":[{"href":"https:\/\/mosaicorefugees.org\/fr\/wp-json\/wp\/v2\/pages"}],"about":[{"href":"https:\/\/mosaicorefugees.org\/fr\/wp-json\/wp\/v2\/types\/page"}],"author":[{"embeddable":true,"href":"https:\/\/mosaicorefugees.org\/fr\/wp-json\/wp\/v2\/users\/1"}],"replies":[{"embeddable":true,"href":"https:\/\/mosaicorefugees.org\/fr\/wp-json\/wp\/v2\/comments?post=635"}],"version-history":[{"count":16,"href":"https:\/\/mosaicorefugees.org\/fr\/wp-json\/wp\/v2\/pages\/635\/revisions"}],"predecessor-version":[{"id":4315,"href":"https:\/\/mosaicorefugees.org\/fr\/wp-json\/wp\/v2\/pages\/635\/revisions\/4315"}],"up":[{"embeddable":true,"href":"https:\/\/mosaicorefugees.org\/fr\/wp-json\/wp\/v2\/pages\/598"}],"wp:attachment":[{"href":"https:\/\/mosaicorefugees.org\/fr\/wp-json\/wp\/v2\/media?parent=635"}],"curies":[{"name":"wp","href":"https:\/\/api.w.org\/{rel}","templated":true}]}}